{"id":4612,"date":"2024-01-15T14:29:28","date_gmt":"2024-01-15T14:29:28","guid":{"rendered":"https:\/\/www.espontaneo.pt\/?page_id=4612"},"modified":"2025-02-05T03:49:50","modified_gmt":"2025-02-05T03:49:50","slug":"espontaneo_rd","status":"publish","type":"page","link":"https:\/\/www.espontaneo.pt\/index.php\/espontaneo_rd\/","title":{"rendered":"ESPONT\u00c2NEO REP\u00daBLICA DOMINICANA"},"content":{"rendered":"\t\t<div data-elementor-type=\"wp-page\" data-elementor-id=\"4612\" class=\"elementor elementor-4612\" data-elementor-post-type=\"page\">\n\t\t\t\t\t\t<section class=\"elementor-section elementor-top-section elementor-element elementor-element-528f6ad8 elementor-section-height-min-height elementor-section-full_width elementor-section-stretched elementor-section-height-default elementor-section-items-middle\" data-id=\"528f6ad8\" data-element_type=\"section\" data-e-type=\"section\" data-settings=\"{&quot;background_background&quot;:&quot;gradient&quot;,&quot;stretch_section&quot;:&quot;section-stretched&quot;}\">\n\t\t\t\t\t\t<div class=\"elementor-container elementor-column-gap-default\">\n\t\t\t\t\t<div class=\"elementor-column elementor-col-100 elementor-top-column elementor-element elementor-element-1b855acb\" data-id=\"1b855acb\" data-element_type=\"column\" data-e-type=\"column\" data-settings=\"{&quot;background_background&quot;:&quot;classic&quot;}\">\n\t\t\t<div class=\"elementor-widget-wrap elementor-element-populated\">\n\t\t\t\t\t\t<div class=\"elementor-element elementor-element-367d47e elementor-widget-divider--view-line elementor-widget elementor-widget-divider\" data-id=\"367d47e\" data-element_type=\"widget\" data-e-type=\"widget\" data-widget_type=\"divider.default\">\n\t\t\t\t<div class=\"elementor-widget-container\">\n\t\t\t\t\t\t\t<div class=\"elementor-divider\">\n\t\t\t<span class=\"elementor-divider-separator\">\n\t\t\t\t\t\t<\/span>\n\t\t<\/div>\n\t\t\t\t\t\t<\/div>\n\t\t\t\t<\/div>\n\t\t\t\t<div class=\"elementor-element elementor-element-5c31fb9 elementor-invisible elementor-widget elementor-widget-image\" data-id=\"5c31fb9\" data-element_type=\"widget\" data-e-type=\"widget\" data-settings=\"{&quot;_animation&quot;:&quot;fadeInDown&quot;}\" data-widget_type=\"image.default\">\n\t\t\t\t<div class=\"elementor-widget-container\">\n\t\t\t\t\t\t\t\t\t\t\t\t\t\t\t<img fetchpriority=\"high\" decoding=\"async\" width=\"994\" height=\"291\" src=\"https:\/\/www.espontaneo.pt\/wp-content\/uploads\/2025\/02\/ESPONTANEO-RD.png\" class=\"attachment-large size-large wp-image-6565\" alt=\"\" srcset=\"https:\/\/www.espontaneo.pt\/wp-content\/uploads\/2025\/02\/ESPONTANEO-RD.png 994w, https:\/\/www.espontaneo.pt\/wp-content\/uploads\/2025\/02\/ESPONTANEO-RD-300x88.png 300w, https:\/\/www.espontaneo.pt\/wp-content\/uploads\/2025\/02\/ESPONTANEO-RD-768x225.png 768w\" sizes=\"(max-width: 994px) 100vw, 994px\" \/>\t\t\t\t\t\t\t\t\t\t\t\t\t\t\t<\/div>\n\t\t\t\t<\/div>\n\t\t\t\t<div class=\"elementor-element elementor-element-531d52d elementor-widget-divider--view-line elementor-widget elementor-widget-divider\" data-id=\"531d52d\" data-element_type=\"widget\" data-e-type=\"widget\" data-widget_type=\"divider.default\">\n\t\t\t\t<div class=\"elementor-widget-container\">\n\t\t\t\t\t\t\t<div class=\"elementor-divider\">\n\t\t\t<span class=\"elementor-divider-separator\">\n\t\t\t\t\t\t<\/span>\n\t\t<\/div>\n\t\t\t\t\t\t<\/div>\n\t\t\t\t<\/div>\n\t\t\t\t<div class=\"elementor-element elementor-element-db2f6f7 elementor-invisible elementor-widget elementor-widget-text-editor\" data-id=\"db2f6f7\" data-element_type=\"widget\" data-e-type=\"widget\" data-settings=\"{&quot;_animation&quot;:&quot;fadeInUp&quot;}\" data-widget_type=\"text-editor.default\">\n\t\t\t\t<div class=\"elementor-widget-container\">\n\t\t\t\t\t\t\t\t\t<p>Em 2022, a improvisa\u00e7\u00e3o teatral conquistou um novo territ\u00f3rio com a cria\u00e7\u00e3o do <strong>Espont\u00e2neo Rep\u00fablica Dominicana<\/strong>, o primeiro festival dedicado exclusivamente a esta arte no Caribe. <br \/>Fruto de uma parceria entre os<strong> Instant\u00e2neos<\/strong> e diversas entidades culturais locais, este evento rapidamente se consolidou como um dos mais relevantes no panorama teatral da regi\u00e3o.<\/p><p>Integrado no <strong>Festival Internacional de Teatro de Santiago de los Caballeros (FITE)<\/strong>, uma das mais importantes iniciativas culturais da Rep\u00fablica Dominicana, e realizado com o <strong>alto patroc\u00ednio do Minist\u00e9rio da Cultura<\/strong>, o <strong>Espont\u00e2neo RD<\/strong> tornou-se um ponto de encontro privilegiado para artistas, companhias e especialistas na \u00e1rea da improvisa\u00e7\u00e3o teatral a n\u00edvel internacional.<\/p>\t\t\t\t\t\t\t\t<\/div>\n\t\t\t\t<\/div>\n\t\t\t\t<div class=\"elementor-element elementor-element-3ee091d elementor-widget elementor-widget-image\" data-id=\"3ee091d\" data-element_type=\"widget\" data-e-type=\"widget\" data-widget_type=\"image.default\">\n\t\t\t\t<div class=\"elementor-widget-container\">\n\t\t\t\t\t\t\t\t\t\t\t\t\t\t\t<img decoding=\"async\" width=\"768\" height=\"768\" src=\"https:\/\/www.espontaneo.pt\/wp-content\/uploads\/2024\/10\/Imagem-WhatsApp-2024-09-16-as-14.52.39_3bbb964f-768x768.jpg\" class=\"attachment-medium_large size-medium_large wp-image-5930\" alt=\"\" srcset=\"https:\/\/www.espontaneo.pt\/wp-content\/uploads\/2024\/10\/Imagem-WhatsApp-2024-09-16-as-14.52.39_3bbb964f-768x768.jpg 768w, https:\/\/www.espontaneo.pt\/wp-content\/uploads\/2024\/10\/Imagem-WhatsApp-2024-09-16-as-14.52.39_3bbb964f-300x300.jpg 300w, https:\/\/www.espontaneo.pt\/wp-content\/uploads\/2024\/10\/Imagem-WhatsApp-2024-09-16-as-14.52.39_3bbb964f-150x150.jpg 150w, https:\/\/www.espontaneo.pt\/wp-content\/uploads\/2024\/10\/Imagem-WhatsApp-2024-09-16-as-14.52.39_3bbb964f.jpg 864w\" sizes=\"(max-width: 768px) 100vw, 768px\" \/>\t\t\t\t\t\t\t\t\t\t\t\t\t\t\t<\/div>\n\t\t\t\t<\/div>\n\t\t\t\t<div class=\"elementor-element elementor-element-45cc065 elementor-widget elementor-widget-text-editor\" data-id=\"45cc065\" data-element_type=\"widget\" data-e-type=\"widget\" data-widget_type=\"text-editor.default\">\n\t\t\t\t<div class=\"elementor-widget-container\">\n\t\t\t\t\t\t\t\t\t<div class=\"flex-shrink-0 flex flex-col relative items-end\"><div><div class=\"pt-0\"><div class=\"gizmo-bot-avatar flex h-8 w-8 items-center justify-center overflow-hidden rounded-full\"><h3 class=\"relative p-1 rounded-sm flex items-center justify-center bg-token-main-surface-primary text-token-text-primary h-8 w-8\"><strong style=\"font-size: 16px;\">Um Palco de Excel\u00eancia para a Improvisa\u00e7\u00e3o Mundial<\/strong><\/h3><\/div><\/div><\/div><\/div><div class=\"group\/conversation-turn relative flex w-full min-w-0 flex-col agent-turn\"><div class=\"flex-col gap-1 md:gap-3\"><div class=\"flex max-w-full flex-col flex-grow\"><div class=\"min-h-8 text-message flex w-full flex-col items-end gap-2 whitespace-normal break-words text-start [.text-message+&amp;]:mt-5\" dir=\"auto\" data-message-author-role=\"assistant\" data-message-id=\"bdcbc6b2-5b2a-487c-a371-f840b437f953\" data-message-model-slug=\"gpt-4o\"><div class=\"flex w-full flex-col gap-1 empty:hidden first:pt-[3px]\"><div class=\"markdown prose w-full break-words dark:prose-invert light\"><p>A <strong>terceira edi\u00e7\u00e3o do Espont\u00e2neo Rep\u00fablica Dominicana<\/strong>, em 2024, marca um momento decisivo na afirma\u00e7\u00e3o deste festival como um evento de refer\u00eancia internacional.<br \/>Com uma programa\u00e7\u00e3o de excel\u00eancia e um compromisso cont\u00ednuo com a inova\u00e7\u00e3o, o festival refor\u00e7a o seu papel na valoriza\u00e7\u00e3o da improvisa\u00e7\u00e3o teatral e na promo\u00e7\u00e3o do interc\u00e2mbio art\u00edstico global.<\/p><p>Sob a dire\u00e7\u00e3o art\u00edstica do reconhecido professor <strong>Gigio Giraldo<\/strong>, o festival mant\u00e9m o seu prop\u00f3sito central: criar um espa\u00e7o de acolhimento para as vanguardas da improvisa\u00e7\u00e3o teatral e oferecer uma forma\u00e7\u00e3o art\u00edstica de qualidade, consolidando a improvisa\u00e7\u00e3o como uma disciplina exigente e inovadora.<\/p><\/div><\/div><\/div><\/div><\/div><\/div>\t\t\t\t\t\t\t\t<\/div>\n\t\t\t\t<\/div>\n\t\t\t\t<div class=\"elementor-element elementor-element-593e859 elementor-widget-divider--view-line elementor-widget elementor-widget-divider\" data-id=\"593e859\" data-element_type=\"widget\" data-e-type=\"widget\" data-widget_type=\"divider.default\">\n\t\t\t\t<div class=\"elementor-widget-container\">\n\t\t\t\t\t\t\t<div class=\"elementor-divider\">\n\t\t\t<span class=\"elementor-divider-separator\">\n\t\t\t\t\t\t<\/span>\n\t\t<\/div>\n\t\t\t\t\t\t<\/div>\n\t\t\t\t<\/div>\n\t\t\t\t<div class=\"elementor-element elementor-element-3fb021d elementor-widget elementor-widget-spacer\" data-id=\"3fb021d\" data-element_type=\"widget\" data-e-type=\"widget\" data-widget_type=\"spacer.default\">\n\t\t\t\t<div class=\"elementor-widget-container\">\n\t\t\t\t\t\t\t<div class=\"elementor-spacer\">\n\t\t\t<div class=\"elementor-spacer-inner\"><\/div>\n\t\t<\/div>\n\t\t\t\t\t\t<\/div>\n\t\t\t\t<\/div>\n\t\t\t\t<div class=\"elementor-element elementor-element-26223ec7 elementor-shape-circle elementor-grid-4 e-grid-align-center elementor-widget elementor-widget-social-icons\" data-id=\"26223ec7\" data-element_type=\"widget\" data-e-type=\"widget\" data-widget_type=\"social-icons.default\">\n\t\t\t\t<div class=\"elementor-widget-container\">\n\t\t\t\t\t\t\t<div class=\"elementor-social-icons-wrapper elementor-grid\" role=\"list\">\n\t\t\t\t\t\t\t<span class=\"elementor-grid-item\" role=\"listitem\">\n\t\t\t\t\t<a class=\"elementor-icon elementor-social-icon elementor-social-icon-facebook elementor-animation-shrink elementor-repeater-item-ce78551\" href=\"https:\/\/www.facebook.com\/espontaneofestivalimpro\/\" target=\"_blank\">\n\t\t\t\t\t\t<span class=\"elementor-screen-only\">Facebook<\/span>\n\t\t\t\t\t\t<i aria-hidden=\"true\" class=\"fab fa-facebook\"><\/i>\t\t\t\t\t<\/a>\n\t\t\t\t<\/span>\n\t\t\t\t\t\t\t<span class=\"elementor-grid-item\" role=\"listitem\">\n\t\t\t\t\t<a class=\"elementor-icon elementor-social-icon elementor-social-icon-instagram elementor-animation-shrink elementor-repeater-item-36066a9\" href=\"https:\/\/www.instagram.com\/espontaneo_festimpro\/\" target=\"_blank\">\n\t\t\t\t\t\t<span class=\"elementor-screen-only\">Instagram<\/span>\n\t\t\t\t\t\t<i aria-hidden=\"true\" class=\"fab fa-instagram\"><\/i>\t\t\t\t\t<\/a>\n\t\t\t\t<\/span>\n\t\t\t\t\t\t\t<span class=\"elementor-grid-item\" role=\"listitem\">\n\t\t\t\t\t<a class=\"elementor-icon elementor-social-icon elementor-social-icon-youtube elementor-animation-shrink elementor-repeater-item-9e28351\" href=\"https:\/\/www.youtube.com\/channel\/UCemdIAHIdt8cFm5ayu3ImhA\" target=\"_blank\">\n\t\t\t\t\t\t<span class=\"elementor-screen-only\">Youtube<\/span>\n\t\t\t\t\t\t<i aria-hidden=\"true\" class=\"fab fa-youtube\"><\/i>\t\t\t\t\t<\/a>\n\t\t\t\t<\/span>\n\t\t\t\t\t\t\t<span class=\"elementor-grid-item\" role=\"listitem\">\n\t\t\t\t\t<a class=\"elementor-icon elementor-social-icon elementor-social-icon-twitter elementor-animation-shrink elementor-repeater-item-f30ba73\" href=\"https:\/\/twitter.com\/instantaneos_\" target=\"_blank\">\n\t\t\t\t\t\t<span class=\"elementor-screen-only\">Twitter<\/span>\n\t\t\t\t\t\t<i aria-hidden=\"true\" class=\"fab fa-twitter\"><\/i>\t\t\t\t\t<\/a>\n\t\t\t\t<\/span>\n\t\t\t\t\t<\/div>\n\t\t\t\t\t\t<\/div>\n\t\t\t\t<\/div>\n\t\t\t\t<div class=\"elementor-element elementor-element-387b6d2f elementor-widget elementor-widget-spacer\" data-id=\"387b6d2f\" data-element_type=\"widget\" data-e-type=\"widget\" data-widget_type=\"spacer.default\">\n\t\t\t\t<div class=\"elementor-widget-container\">\n\t\t\t\t\t\t\t<div class=\"elementor-spacer\">\n\t\t\t<div class=\"elementor-spacer-inner\"><\/div>\n\t\t<\/div>\n\t\t\t\t\t\t<\/div>\n\t\t\t\t<\/div>\n\t\t\t\t<div class=\"elementor-element elementor-element-7aeaa2e7 elementor-widget elementor-widget-text-editor\" data-id=\"7aeaa2e7\" data-element_type=\"widget\" data-e-type=\"widget\" data-widget_type=\"text-editor.default\">\n\t\t\t\t<div class=\"elementor-widget-container\">\n\t\t\t\t\t\t\t\t\t<p><b>Telem\u00f3vel:<\/b>\u00a0+351 938 598\u00a0247<br \/><b>Info\/Inscri\u00e7\u00f5es:<\/b>\u00a0geral@instantaneos.pt<br \/><b>Assessoria de Imprensa:<\/b>\u00a0producao@instantaneos.pt<\/p>\t\t\t\t\t\t\t\t<\/div>\n\t\t\t\t<\/div>\n\t\t\t\t<div class=\"elementor-element elementor-element-5d9dd2b7 elementor-widget elementor-widget-spacer\" data-id=\"5d9dd2b7\" data-element_type=\"widget\" data-e-type=\"widget\" data-widget_type=\"spacer.default\">\n\t\t\t\t<div class=\"elementor-widget-container\">\n\t\t\t\t\t\t\t<div class=\"elementor-spacer\">\n\t\t\t<div class=\"elementor-spacer-inner\"><\/div>\n\t\t<\/div>\n\t\t\t\t\t\t<\/div>\n\t\t\t\t<\/div>\n\t\t\t\t<div class=\"elementor-element elementor-element-59b7ebe6 elementor-widget elementor-widget-text-editor\" data-id=\"59b7ebe6\" data-element_type=\"widget\" data-e-type=\"widget\" data-widget_type=\"text-editor.default\">\n\t\t\t\t<div class=\"elementor-widget-container\">\n\t\t\t\t\t\t\t\t\t<p>\u00a9 Festival Internacional de Teatro de Improviso.\u00a0<\/p>\t\t\t\t\t\t\t\t<\/div>\n\t\t\t\t<\/div>\n\t\t\t\t\t<\/div>\n\t\t<\/div>\n\t\t\t\t\t<\/div>\n\t\t<\/section>\n\t\t\t\t<\/div>\n\t\t","protected":false},"excerpt":{"rendered":"<p>Em 2022, a improvisa\u00e7\u00e3o teatral conquistou um novo territ\u00f3rio com a cria\u00e7\u00e3o do Espont\u00e2neo Rep\u00fablica Dominicana, o primeiro festival dedicado exclusivamente a esta arte no Caribe. Fruto de uma parceria entre os Instant\u00e2neos e diversas entidades culturais locais, este evento rapidamente se consolidou como um dos mais relevantes no panorama teatral da regi\u00e3o. Integrado no&hellip;&nbsp;<a href=\"https:\/\/www.espontaneo.pt\/index.php\/espontaneo_rd\/\" rel=\"bookmark\">Ler mais &raquo;<span class=\"screen-reader-text\">ESPONT\u00c2NEO REP\u00daBLICA DOMINICANA<\/span><\/a><\/p>\n","protected":false},"author":5,"featured_media":0,"parent":0,"menu_order":0,"comment_status":"closed","ping_status":"closed","template":"","meta":{"neve_meta_sidebar":"full-width","neve_meta_container":"","neve_meta_enable_content_width":"on","neve_meta_content_width":100,"neve_meta_title_alignment":"","neve_meta_author_avatar":"","neve_post_elements_order":"","neve_meta_disable_header":"","neve_meta_disable_footer":"","neve_meta_disable_title":"","footnotes":""},"class_list":["post-4612","page","type-page","status-publish","hentry"],"yoast_head":"<!-- This site is optimized with the Yoast SEO plugin v27.4 - https:\/\/yoast.com\/product\/yoast-seo-wordpress\/ -->\n<title>ESPONT\u00c2NEO REP\u00daBLICA DOMINICANA ESPONT\u00c2NEO<\/title>\n<meta name=\"robots\" content=\"index, follow, max-snippet:-1, max-image-preview:large, max-video-preview:-1\" \/>\n<link rel=\"canonical\" href=\"https:\/\/www.espontaneo.pt\/index.php\/espontaneo_rd\/\" \/>\n<meta property=\"og:locale\" content=\"pt_PT\" \/>\n<meta property=\"og:type\" content=\"article\" \/>\n<meta property=\"og:title\" content=\"ESPONT\u00c2NEO REP\u00daBLICA DOMINICANA ESPONT\u00c2NEO\" \/>\n<meta property=\"og:description\" content=\"Em 2022, a improvisa\u00e7\u00e3o teatral conquistou um novo territ\u00f3rio com a cria\u00e7\u00e3o do Espont\u00e2neo Rep\u00fablica Dominicana, o primeiro festival dedicado exclusivamente a esta arte no Caribe. Fruto de uma parceria entre os Instant\u00e2neos e diversas entidades culturais locais, este evento rapidamente se consolidou como um dos mais relevantes no panorama teatral da regi\u00e3o. Integrado no&hellip;&nbsp;Ler mais &raquo;ESPONT\u00c2NEO REP\u00daBLICA DOMINICANA\" \/>\n<meta property=\"og:url\" content=\"https:\/\/www.espontaneo.pt\/index.php\/espontaneo_rd\/\" \/>\n<meta property=\"og:site_name\" content=\"ESPONT\u00c2NEO\" \/>\n<meta property=\"article:modified_time\" content=\"2025-02-05T03:49:50+00:00\" \/>\n<meta property=\"og:image\" content=\"https:\/\/www.espontaneo.pt\/wp-content\/uploads\/2025\/02\/ESPONTANEO-RD.png\" \/>\n<meta name=\"twitter:card\" content=\"summary_large_image\" \/>\n<meta name=\"twitter:label1\" content=\"Tempo estimado de leitura\" \/>\n\t<meta name=\"twitter:data1\" content=\"2 minutos\" \/>\n<script type=\"application\/ld+json\" class=\"yoast-schema-graph\">{\"@context\":\"https:\\\/\\\/schema.org\",\"@graph\":[{\"@type\":\"WebPage\",\"@id\":\"https:\\\/\\\/www.espontaneo.pt\\\/index.php\\\/espontaneo_rd\\\/\",\"url\":\"https:\\\/\\\/www.espontaneo.pt\\\/index.php\\\/espontaneo_rd\\\/\",\"name\":\"ESPONT\u00c2NEO REP\u00daBLICA DOMINICANA ESPONT\u00c2NEO\",\"isPartOf\":{\"@id\":\"https:\\\/\\\/www.espontaneo.pt\\\/#website\"},\"primaryImageOfPage\":{\"@id\":\"https:\\\/\\\/www.espontaneo.pt\\\/index.php\\\/espontaneo_rd\\\/#primaryimage\"},\"image\":{\"@id\":\"https:\\\/\\\/www.espontaneo.pt\\\/index.php\\\/espontaneo_rd\\\/#primaryimage\"},\"thumbnailUrl\":\"https:\\\/\\\/www.espontaneo.pt\\\/wp-content\\\/uploads\\\/2025\\\/02\\\/ESPONTANEO-RD.png\",\"datePublished\":\"2024-01-15T14:29:28+00:00\",\"dateModified\":\"2025-02-05T03:49:50+00:00\",\"breadcrumb\":{\"@id\":\"https:\\\/\\\/www.espontaneo.pt\\\/index.php\\\/espontaneo_rd\\\/#breadcrumb\"},\"inLanguage\":\"pt-PT\",\"potentialAction\":[{\"@type\":\"ReadAction\",\"target\":[\"https:\\\/\\\/www.espontaneo.pt\\\/index.php\\\/espontaneo_rd\\\/\"]}]},{\"@type\":\"ImageObject\",\"inLanguage\":\"pt-PT\",\"@id\":\"https:\\\/\\\/www.espontaneo.pt\\\/index.php\\\/espontaneo_rd\\\/#primaryimage\",\"url\":\"https:\\\/\\\/www.espontaneo.pt\\\/wp-content\\\/uploads\\\/2025\\\/02\\\/ESPONTANEO-RD.png\",\"contentUrl\":\"https:\\\/\\\/www.espontaneo.pt\\\/wp-content\\\/uploads\\\/2025\\\/02\\\/ESPONTANEO-RD.png\",\"width\":994,\"height\":291},{\"@type\":\"BreadcrumbList\",\"@id\":\"https:\\\/\\\/www.espontaneo.pt\\\/index.php\\\/espontaneo_rd\\\/#breadcrumb\",\"itemListElement\":[{\"@type\":\"ListItem\",\"position\":1,\"name\":\"Home\",\"item\":\"https:\\\/\\\/www.espontaneo.pt\\\/\"},{\"@type\":\"ListItem\",\"position\":2,\"name\":\"ESPONT\u00c2NEO REP\u00daBLICA DOMINICANA\"}]},{\"@type\":\"WebSite\",\"@id\":\"https:\\\/\\\/www.espontaneo.pt\\\/#website\",\"url\":\"https:\\\/\\\/www.espontaneo.pt\\\/\",\"name\":\"ESPONT\u00c2NEO\",\"description\":\"Festival Internacional de Teatro de Improviso\",\"publisher\":{\"@id\":\"https:\\\/\\\/www.espontaneo.pt\\\/#organization\"},\"potentialAction\":[{\"@type\":\"SearchAction\",\"target\":{\"@type\":\"EntryPoint\",\"urlTemplate\":\"https:\\\/\\\/www.espontaneo.pt\\\/?s={search_term_string}\"},\"query-input\":{\"@type\":\"PropertyValueSpecification\",\"valueRequired\":true,\"valueName\":\"search_term_string\"}}],\"inLanguage\":\"pt-PT\"},{\"@type\":\"Organization\",\"@id\":\"https:\\\/\\\/www.espontaneo.pt\\\/#organization\",\"name\":\"ESPONT\u00c2NEO\",\"url\":\"https:\\\/\\\/www.espontaneo.pt\\\/\",\"logo\":{\"@type\":\"ImageObject\",\"inLanguage\":\"pt-PT\",\"@id\":\"https:\\\/\\\/www.espontaneo.pt\\\/#\\\/schema\\\/logo\\\/image\\\/\",\"url\":\"https:\\\/\\\/www.espontaneo.pt\\\/wp-content\\\/uploads\\\/2024\\\/01\\\/espontaneo-2024.png\",\"contentUrl\":\"https:\\\/\\\/www.espontaneo.pt\\\/wp-content\\\/uploads\\\/2024\\\/01\\\/espontaneo-2024.png\",\"width\":690,\"height\":648,\"caption\":\"ESPONT\u00c2NEO\"},\"image\":{\"@id\":\"https:\\\/\\\/www.espontaneo.pt\\\/#\\\/schema\\\/logo\\\/image\\\/\"}}]}<\/script>\n<!-- \/ Yoast SEO plugin. -->","yoast_head_json":{"title":"ESPONT\u00c2NEO REP\u00daBLICA DOMINICANA ESPONT\u00c2NEO","robots":{"index":"index","follow":"follow","max-snippet":"max-snippet:-1","max-image-preview":"max-image-preview:large","max-video-preview":"max-video-preview:-1"},"canonical":"https:\/\/www.espontaneo.pt\/index.php\/espontaneo_rd\/","og_locale":"pt_PT","og_type":"article","og_title":"ESPONT\u00c2NEO REP\u00daBLICA DOMINICANA ESPONT\u00c2NEO","og_description":"Em 2022, a improvisa\u00e7\u00e3o teatral conquistou um novo territ\u00f3rio com a cria\u00e7\u00e3o do Espont\u00e2neo Rep\u00fablica Dominicana, o primeiro festival dedicado exclusivamente a esta arte no Caribe. Fruto de uma parceria entre os Instant\u00e2neos e diversas entidades culturais locais, este evento rapidamente se consolidou como um dos mais relevantes no panorama teatral da regi\u00e3o. Integrado no&hellip;&nbsp;Ler mais &raquo;ESPONT\u00c2NEO REP\u00daBLICA DOMINICANA","og_url":"https:\/\/www.espontaneo.pt\/index.php\/espontaneo_rd\/","og_site_name":"ESPONT\u00c2NEO","article_modified_time":"2025-02-05T03:49:50+00:00","og_image":[{"url":"https:\/\/www.espontaneo.pt\/wp-content\/uploads\/2025\/02\/ESPONTANEO-RD.png","type":"","width":"","height":""}],"twitter_card":"summary_large_image","twitter_misc":{"Tempo estimado de leitura":"2 minutos"},"schema":{"@context":"https:\/\/schema.org","@graph":[{"@type":"WebPage","@id":"https:\/\/www.espontaneo.pt\/index.php\/espontaneo_rd\/","url":"https:\/\/www.espontaneo.pt\/index.php\/espontaneo_rd\/","name":"ESPONT\u00c2NEO REP\u00daBLICA DOMINICANA ESPONT\u00c2NEO","isPartOf":{"@id":"https:\/\/www.espontaneo.pt\/#website"},"primaryImageOfPage":{"@id":"https:\/\/www.espontaneo.pt\/index.php\/espontaneo_rd\/#primaryimage"},"image":{"@id":"https:\/\/www.espontaneo.pt\/index.php\/espontaneo_rd\/#primaryimage"},"thumbnailUrl":"https:\/\/www.espontaneo.pt\/wp-content\/uploads\/2025\/02\/ESPONTANEO-RD.png","datePublished":"2024-01-15T14:29:28+00:00","dateModified":"2025-02-05T03:49:50+00:00","breadcrumb":{"@id":"https:\/\/www.espontaneo.pt\/index.php\/espontaneo_rd\/#breadcrumb"},"inLanguage":"pt-PT","potentialAction":[{"@type":"ReadAction","target":["https:\/\/www.espontaneo.pt\/index.php\/espontaneo_rd\/"]}]},{"@type":"ImageObject","inLanguage":"pt-PT","@id":"https:\/\/www.espontaneo.pt\/index.php\/espontaneo_rd\/#primaryimage","url":"https:\/\/www.espontaneo.pt\/wp-content\/uploads\/2025\/02\/ESPONTANEO-RD.png","contentUrl":"https:\/\/www.espontaneo.pt\/wp-content\/uploads\/2025\/02\/ESPONTANEO-RD.png","width":994,"height":291},{"@type":"BreadcrumbList","@id":"https:\/\/www.espontaneo.pt\/index.php\/espontaneo_rd\/#breadcrumb","itemListElement":[{"@type":"ListItem","position":1,"name":"Home","item":"https:\/\/www.espontaneo.pt\/"},{"@type":"ListItem","position":2,"name":"ESPONT\u00c2NEO REP\u00daBLICA DOMINICANA"}]},{"@type":"WebSite","@id":"https:\/\/www.espontaneo.pt\/#website","url":"https:\/\/www.espontaneo.pt\/","name":"ESPONT\u00c2NEO","description":"Festival Internacional de Teatro de Improviso","publisher":{"@id":"https:\/\/www.espontaneo.pt\/#organization"},"potentialAction":[{"@type":"SearchAction","target":{"@type":"EntryPoint","urlTemplate":"https:\/\/www.espontaneo.pt\/?s={search_term_string}"},"query-input":{"@type":"PropertyValueSpecification","valueRequired":true,"valueName":"search_term_string"}}],"inLanguage":"pt-PT"},{"@type":"Organization","@id":"https:\/\/www.espontaneo.pt\/#organization","name":"ESPONT\u00c2NEO","url":"https:\/\/www.espontaneo.pt\/","logo":{"@type":"ImageObject","inLanguage":"pt-PT","@id":"https:\/\/www.espontaneo.pt\/#\/schema\/logo\/image\/","url":"https:\/\/www.espontaneo.pt\/wp-content\/uploads\/2024\/01\/espontaneo-2024.png","contentUrl":"https:\/\/www.espontaneo.pt\/wp-content\/uploads\/2024\/01\/espontaneo-2024.png","width":690,"height":648,"caption":"ESPONT\u00c2NEO"},"image":{"@id":"https:\/\/www.espontaneo.pt\/#\/schema\/logo\/image\/"}}]}},"_links":{"self":[{"href":"https:\/\/www.espontaneo.pt\/index.php\/wp-json\/wp\/v2\/pages\/4612","targetHints":{"allow":["GET"]}}],"collection":[{"href":"https:\/\/www.espontaneo.pt\/index.php\/wp-json\/wp\/v2\/pages"}],"about":[{"href":"https:\/\/www.espontaneo.pt\/index.php\/wp-json\/wp\/v2\/types\/page"}],"author":[{"embeddable":true,"href":"https:\/\/www.espontaneo.pt\/index.php\/wp-json\/wp\/v2\/users\/5"}],"replies":[{"embeddable":true,"href":"https:\/\/www.espontaneo.pt\/index.php\/wp-json\/wp\/v2\/comments?post=4612"}],"version-history":[{"count":0,"href":"https:\/\/www.espontaneo.pt\/index.php\/wp-json\/wp\/v2\/pages\/4612\/revisions"}],"wp:attachment":[{"href":"https:\/\/www.espontaneo.pt\/index.php\/wp-json\/wp\/v2\/media?parent=4612"}],"curies":[{"name":"wp","href":"https:\/\/api.w.org\/{rel}","templated":true}]}}