{"id":4473,"date":"2024-01-14T05:52:36","date_gmt":"2024-01-14T05:52:36","guid":{"rendered":"https:\/\/www.espontaneo.pt\/?page_id=4473"},"modified":"2025-02-01T16:33:50","modified_gmt":"2025-02-01T16:33:50","slug":"equipa","status":"publish","type":"page","link":"https:\/\/www.espontaneo.pt\/index.php\/equipa\/","title":{"rendered":"EQUIPA \/ CONTACTOS"},"content":{"rendered":"\t\t<div data-elementor-type=\"wp-page\" data-elementor-id=\"4473\" class=\"elementor elementor-4473\" data-elementor-post-type=\"page\">\n\t\t\t\t\t\t<section class=\"elementor-section elementor-top-section elementor-element elementor-element-528f6ad8 elementor-section-height-min-height elementor-section-full_width elementor-section-stretched elementor-section-height-default elementor-section-items-middle\" data-id=\"528f6ad8\" data-element_type=\"section\" data-e-type=\"section\" data-settings=\"{&quot;background_background&quot;:&quot;gradient&quot;,&quot;stretch_section&quot;:&quot;section-stretched&quot;}\">\n\t\t\t\t\t\t<div class=\"elementor-container elementor-column-gap-default\">\n\t\t\t\t\t<div class=\"elementor-column elementor-col-100 elementor-top-column elementor-element elementor-element-1b855acb\" data-id=\"1b855acb\" data-element_type=\"column\" data-e-type=\"column\" data-settings=\"{&quot;background_background&quot;:&quot;classic&quot;}\">\n\t\t\t<div class=\"elementor-widget-wrap elementor-element-populated\">\n\t\t\t\t\t\t<div class=\"elementor-element elementor-element-4eee147 elementor-widget-divider--view-line elementor-widget elementor-widget-divider\" data-id=\"4eee147\" data-element_type=\"widget\" data-e-type=\"widget\" data-widget_type=\"divider.default\">\n\t\t\t\t<div class=\"elementor-widget-container\">\n\t\t\t\t\t\t\t<div class=\"elementor-divider\">\n\t\t\t<span class=\"elementor-divider-separator\">\n\t\t\t\t\t\t<\/span>\n\t\t<\/div>\n\t\t\t\t\t\t<\/div>\n\t\t\t\t<\/div>\n\t\t\t\t<div class=\"elementor-element elementor-element-5c31fb9 elementor-invisible elementor-widget elementor-widget-image\" data-id=\"5c31fb9\" data-element_type=\"widget\" data-e-type=\"widget\" data-settings=\"{&quot;_animation&quot;:&quot;fadeInUp&quot;}\" data-widget_type=\"image.default\">\n\t\t\t\t<div class=\"elementor-widget-container\">\n\t\t\t\t\t\t\t\t\t\t\t\t\t\t\t<img fetchpriority=\"high\" decoding=\"async\" width=\"994\" height=\"291\" src=\"https:\/\/www.espontaneo.pt\/wp-content\/uploads\/2025\/02\/EQUIPA-2.png\" class=\"attachment-large size-large wp-image-6570\" alt=\"\" srcset=\"https:\/\/www.espontaneo.pt\/wp-content\/uploads\/2025\/02\/EQUIPA-2.png 994w, https:\/\/www.espontaneo.pt\/wp-content\/uploads\/2025\/02\/EQUIPA-2-300x88.png 300w, https:\/\/www.espontaneo.pt\/wp-content\/uploads\/2025\/02\/EQUIPA-2-768x225.png 768w\" sizes=\"(max-width: 994px) 100vw, 994px\" \/>\t\t\t\t\t\t\t\t\t\t\t\t\t\t\t<\/div>\n\t\t\t\t<\/div>\n\t\t\t\t<div class=\"elementor-element elementor-element-f9a8ec0 elementor-widget-divider--view-line elementor-widget elementor-widget-divider\" data-id=\"f9a8ec0\" data-element_type=\"widget\" data-e-type=\"widget\" data-settings=\"{&quot;_animation&quot;:&quot;none&quot;}\" data-widget_type=\"divider.default\">\n\t\t\t\t<div class=\"elementor-widget-container\">\n\t\t\t\t\t\t\t<div class=\"elementor-divider\">\n\t\t\t<span class=\"elementor-divider-separator\">\n\t\t\t\t\t\t<\/span>\n\t\t<\/div>\n\t\t\t\t\t\t<\/div>\n\t\t\t\t<\/div>\n\t\t\t\t<div class=\"elementor-element elementor-element-9ece5ce elementor-invisible elementor-widget elementor-widget-text-editor\" data-id=\"9ece5ce\" data-element_type=\"widget\" data-e-type=\"widget\" data-settings=\"{&quot;_animation&quot;:&quot;fadeInLeft&quot;}\" data-widget_type=\"text-editor.default\">\n\t\t\t\t<div class=\"elementor-widget-container\">\n\t\t\t\t\t\t\t\t\t<p>ESPONT\u00c2NEO<\/p><p><strong>PRODU\u00c7\u00c3O &#8211; Instant\u00e2neos Impro<br \/>DIRE\u00c7\u00c3O ART\u00cdSTICA<\/strong> &#8211; Marco Gra\u00e7a<br \/><strong>DIRE\u00c7\u00c3O DE PRODU\u00c7\u00c3O<\/strong> &#8211; Ricardo Soares<br \/><strong>APOIO \u00c0 PRODU\u00c7\u00c3O<\/strong> &#8211; Nuno Fradique, Marco Martin<br \/><strong>DIRE\u00c7\u00c3O T\u00c9CNICA<\/strong> &#8211; Show Ventura<br \/><strong>MONTAGEM<\/strong> &#8211; Equipa T\u00e9cnica Centro Cultural Olga Cadaval\u00a0<br \/><strong>LUMINOTECNIA<\/strong> &#8211; Nuno Gomes<br \/><strong>M\u00daSICO RESIDENTE<\/strong> &#8211; Jo\u00e3o Eir\u00f3<br \/><strong>GRAFISMO<\/strong> &#8211; Pedro Marque (PAM)<br \/><strong>WEB DESIGN<\/strong> &#8211; Ant\u00f3nio Gil<br \/><strong>ASSESSORIA DE IMPRENSA<\/strong> &#8211; Liliana Soares<br \/><strong>VIDEOGRAFIA<\/strong> &#8211; Ricardo Reis\u00a0<br \/><strong>CONT\u00c9UDOS DIGITAIS<\/strong> &#8211; Nuno Gerv\u00e1sio<\/p><p><strong>PARCERIAS<\/strong>\u00a0<br \/>FORNO &#8211; Espa\u00e7o Cultural<br \/>Musgo &#8211; Produ\u00e7\u00e3o Cultural<\/p><p><strong>APOIOS<\/strong><br \/>Show Ventura<br \/>C\u00e2mara Municipal de Sintra<\/p><p><strong>ESPONT\u00c2NEO REP\u00daBLICA DOMINICANA<\/strong><br \/>DIRE\u00c7\u00c3O ART\u00cdSTICA &#8211; Gigio Giraldo<\/p><p><strong>ESPONT\u00c2NEO COL\u00d4MBIA<\/strong><br \/>DIRE\u00c7\u00c3O ART\u00cdSTICA &#8211; Gigio Giraldo<\/p>\t\t\t\t\t\t\t\t<\/div>\n\t\t\t\t<\/div>\n\t\t\t\t<div class=\"elementor-element elementor-element-b234169 elementor-invisible elementor-widget elementor-widget-image\" data-id=\"b234169\" data-element_type=\"widget\" data-e-type=\"widget\" data-settings=\"{&quot;_animation&quot;:&quot;fadeInUp&quot;}\" data-widget_type=\"image.default\">\n\t\t\t\t<div class=\"elementor-widget-container\">\n\t\t\t\t\t\t\t\t\t\t\t\t\t\t\t<img decoding=\"async\" width=\"300\" height=\"88\" src=\"https:\/\/www.espontaneo.pt\/wp-content\/uploads\/2025\/02\/CONTACTOS-1-300x88.png\" class=\"attachment-medium size-medium wp-image-6574\" alt=\"\" srcset=\"https:\/\/www.espontaneo.pt\/wp-content\/uploads\/2025\/02\/CONTACTOS-1-300x88.png 300w, https:\/\/www.espontaneo.pt\/wp-content\/uploads\/2025\/02\/CONTACTOS-1-768x225.png 768w, https:\/\/www.espontaneo.pt\/wp-content\/uploads\/2025\/02\/CONTACTOS-1.png 994w\" sizes=\"(max-width: 300px) 100vw, 300px\" \/>\t\t\t\t\t\t\t\t\t\t\t\t\t\t\t<\/div>\n\t\t\t\t<\/div>\n\t\t\t\t<div class=\"elementor-element elementor-element-1437ab9 elementor-widget elementor-widget-spacer\" data-id=\"1437ab9\" data-element_type=\"widget\" data-e-type=\"widget\" data-widget_type=\"spacer.default\">\n\t\t\t\t<div class=\"elementor-widget-container\">\n\t\t\t\t\t\t\t<div class=\"elementor-spacer\">\n\t\t\t<div class=\"elementor-spacer-inner\"><\/div>\n\t\t<\/div>\n\t\t\t\t\t\t<\/div>\n\t\t\t\t<\/div>\n\t\t\t\t<div class=\"elementor-element elementor-element-02517cb elementor-invisible elementor-widget elementor-widget-text-editor\" data-id=\"02517cb\" data-element_type=\"widget\" data-e-type=\"widget\" data-settings=\"{&quot;_animation&quot;:&quot;fadeInLeft&quot;}\" data-widget_type=\"text-editor.default\">\n\t\t\t\t<div class=\"elementor-widget-container\">\n\t\t\t\t\t\t\t\t\t<p><strong>INSTANT\u00c2NEOS IMPRO<\/strong><br \/><strong><a href=\"http:\/\/www.instantaneos.pt\">www.instantaneos.pt<\/a><\/strong><\/p><p><strong>MAIL<\/strong><br \/><span style=\"text-decoration: underline;\"><a href=\"mailto:producao@instantaneos.pt\">producao@instantaneos.pt<\/a><\/span><\/p><p><strong>TELEFONE<\/strong><br \/>+351 96 566 13 65<br \/>+351 93 315 65 90<\/p><p><strong>WHATSAPP<\/strong><br \/>+351 96 566 13 65<\/p><p><strong>ASSESSORIA DE IMPRENSA<\/strong><\/p><p><span style=\"text-decoration: underline;\"><a href=\"mailto:liliana_soares@icloud.com\">\u00a0liliana_soares@icloud.com<\/a><\/span><\/p><p>\u00a0<\/p>\t\t\t\t\t\t\t\t<\/div>\n\t\t\t\t<\/div>\n\t\t\t\t<div class=\"elementor-element elementor-element-10cde6c elementor-widget-divider--view-line elementor-widget elementor-widget-divider\" data-id=\"10cde6c\" data-element_type=\"widget\" data-e-type=\"widget\" data-widget_type=\"divider.default\">\n\t\t\t\t<div class=\"elementor-widget-container\">\n\t\t\t\t\t\t\t<div class=\"elementor-divider\">\n\t\t\t<span class=\"elementor-divider-separator\">\n\t\t\t\t\t\t<\/span>\n\t\t<\/div>\n\t\t\t\t\t\t<\/div>\n\t\t\t\t<\/div>\n\t\t\t\t<div class=\"elementor-element elementor-element-0086ead elementor-widget elementor-widget-spacer\" data-id=\"0086ead\" data-element_type=\"widget\" data-e-type=\"widget\" data-widget_type=\"spacer.default\">\n\t\t\t\t<div class=\"elementor-widget-container\">\n\t\t\t\t\t\t\t<div class=\"elementor-spacer\">\n\t\t\t<div class=\"elementor-spacer-inner\"><\/div>\n\t\t<\/div>\n\t\t\t\t\t\t<\/div>\n\t\t\t\t<\/div>\n\t\t\t\t<div class=\"elementor-element elementor-element-26223ec7 elementor-shape-circle elementor-grid-4 e-grid-align-center elementor-widget elementor-widget-social-icons\" data-id=\"26223ec7\" data-element_type=\"widget\" data-e-type=\"widget\" data-widget_type=\"social-icons.default\">\n\t\t\t\t<div class=\"elementor-widget-container\">\n\t\t\t\t\t\t\t<div class=\"elementor-social-icons-wrapper elementor-grid\" role=\"list\">\n\t\t\t\t\t\t\t<span class=\"elementor-grid-item\" role=\"listitem\">\n\t\t\t\t\t<a class=\"elementor-icon elementor-social-icon elementor-social-icon-facebook elementor-animation-shrink elementor-repeater-item-ce78551\" href=\"https:\/\/www.facebook.com\/espontaneofestivalimpro\/\" target=\"_blank\">\n\t\t\t\t\t\t<span class=\"elementor-screen-only\">Facebook<\/span>\n\t\t\t\t\t\t<i aria-hidden=\"true\" class=\"fab fa-facebook\"><\/i>\t\t\t\t\t<\/a>\n\t\t\t\t<\/span>\n\t\t\t\t\t\t\t<span class=\"elementor-grid-item\" role=\"listitem\">\n\t\t\t\t\t<a class=\"elementor-icon elementor-social-icon elementor-social-icon-instagram elementor-animation-shrink elementor-repeater-item-36066a9\" href=\"https:\/\/www.instagram.com\/espontaneo_festimpro\/\" target=\"_blank\">\n\t\t\t\t\t\t<span class=\"elementor-screen-only\">Instagram<\/span>\n\t\t\t\t\t\t<i aria-hidden=\"true\" class=\"fab fa-instagram\"><\/i>\t\t\t\t\t<\/a>\n\t\t\t\t<\/span>\n\t\t\t\t\t\t\t<span class=\"elementor-grid-item\" role=\"listitem\">\n\t\t\t\t\t<a class=\"elementor-icon elementor-social-icon elementor-social-icon-youtube elementor-animation-shrink elementor-repeater-item-9e28351\" href=\"https:\/\/www.youtube.com\/channel\/UCemdIAHIdt8cFm5ayu3ImhA\" target=\"_blank\">\n\t\t\t\t\t\t<span class=\"elementor-screen-only\">Youtube<\/span>\n\t\t\t\t\t\t<i aria-hidden=\"true\" class=\"fab fa-youtube\"><\/i>\t\t\t\t\t<\/a>\n\t\t\t\t<\/span>\n\t\t\t\t\t\t\t<span class=\"elementor-grid-item\" role=\"listitem\">\n\t\t\t\t\t<a class=\"elementor-icon elementor-social-icon elementor-social-icon-twitter elementor-animation-shrink elementor-repeater-item-f30ba73\" href=\"https:\/\/twitter.com\/instantaneos_\" target=\"_blank\">\n\t\t\t\t\t\t<span class=\"elementor-screen-only\">Twitter<\/span>\n\t\t\t\t\t\t<i aria-hidden=\"true\" class=\"fab fa-twitter\"><\/i>\t\t\t\t\t<\/a>\n\t\t\t\t<\/span>\n\t\t\t\t\t<\/div>\n\t\t\t\t\t\t<\/div>\n\t\t\t\t<\/div>\n\t\t\t\t<div class=\"elementor-element elementor-element-387b6d2f elementor-widget elementor-widget-spacer\" data-id=\"387b6d2f\" data-element_type=\"widget\" data-e-type=\"widget\" data-widget_type=\"spacer.default\">\n\t\t\t\t<div class=\"elementor-widget-container\">\n\t\t\t\t\t\t\t<div class=\"elementor-spacer\">\n\t\t\t<div class=\"elementor-spacer-inner\"><\/div>\n\t\t<\/div>\n\t\t\t\t\t\t<\/div>\n\t\t\t\t<\/div>\n\t\t\t\t<div class=\"elementor-element elementor-element-7aeaa2e7 elementor-widget elementor-widget-text-editor\" data-id=\"7aeaa2e7\" data-element_type=\"widget\" data-e-type=\"widget\" data-widget_type=\"text-editor.default\">\n\t\t\t\t<div class=\"elementor-widget-container\">\n\t\t\t\t\t\t\t\t\t<p><b>Telem\u00f3vel:<\/b>\u00a0+351 938 598\u00a0247<br \/><b>Info\/Inscri\u00e7\u00f5es:<\/b>\u00a0geral@instantaneos.pt<br \/><b>Assessoria de Imprensa:<\/b>\u00a0producao@instantaneos.pt<\/p>\t\t\t\t\t\t\t\t<\/div>\n\t\t\t\t<\/div>\n\t\t\t\t<div class=\"elementor-element elementor-element-5d9dd2b7 elementor-widget elementor-widget-spacer\" data-id=\"5d9dd2b7\" data-element_type=\"widget\" data-e-type=\"widget\" data-widget_type=\"spacer.default\">\n\t\t\t\t<div class=\"elementor-widget-container\">\n\t\t\t\t\t\t\t<div class=\"elementor-spacer\">\n\t\t\t<div class=\"elementor-spacer-inner\"><\/div>\n\t\t<\/div>\n\t\t\t\t\t\t<\/div>\n\t\t\t\t<\/div>\n\t\t\t\t<div class=\"elementor-element elementor-element-59b7ebe6 elementor-widget elementor-widget-text-editor\" data-id=\"59b7ebe6\" data-element_type=\"widget\" data-e-type=\"widget\" data-widget_type=\"text-editor.default\">\n\t\t\t\t<div class=\"elementor-widget-container\">\n\t\t\t\t\t\t\t\t\t<p>\u00a9 Festival Internacional de Teatro de Improviso.\u00a0<\/p>\t\t\t\t\t\t\t\t<\/div>\n\t\t\t\t<\/div>\n\t\t\t\t\t<\/div>\n\t\t<\/div>\n\t\t\t\t\t<\/div>\n\t\t<\/section>\n\t\t\t\t<\/div>\n\t\t","protected":false},"excerpt":{"rendered":"<p>ESPONT\u00c2NEO PRODU\u00c7\u00c3O &#8211; Instant\u00e2neos ImproDIRE\u00c7\u00c3O ART\u00cdSTICA &#8211; Marco Gra\u00e7aDIRE\u00c7\u00c3O DE PRODU\u00c7\u00c3O &#8211; Ricardo SoaresAPOIO \u00c0 PRODU\u00c7\u00c3O &#8211; Nuno Fradique, Marco MartinDIRE\u00c7\u00c3O T\u00c9CNICA &#8211; Show VenturaMONTAGEM &#8211; Equipa T\u00e9cnica Centro Cultural Olga Cadaval\u00a0LUMINOTECNIA &#8211; Nuno GomesM\u00daSICO RESIDENTE &#8211; Jo\u00e3o Eir\u00f3GRAFISMO &#8211; Pedro Marque (PAM)WEB DESIGN &#8211; Ant\u00f3nio GilASSESSORIA DE IMPRENSA &#8211; Liliana SoaresVIDEOGRAFIA &#8211; Ricardo Reis\u00a0CONT\u00c9UDOS&hellip;&nbsp;<a href=\"https:\/\/www.espontaneo.pt\/index.php\/equipa\/\" rel=\"bookmark\">Ler mais &raquo;<span class=\"screen-reader-text\">EQUIPA \/ CONTACTOS<\/span><\/a><\/p>\n","protected":false},"author":5,"featured_media":0,"parent":0,"menu_order":0,"comment_status":"closed","ping_status":"closed","template":"","meta":{"neve_meta_sidebar":"full-width","neve_meta_container":"","neve_meta_enable_content_width":"on","neve_meta_content_width":100,"neve_meta_title_alignment":"","neve_meta_author_avatar":"","neve_post_elements_order":"","neve_meta_disable_header":"","neve_meta_disable_footer":"","neve_meta_disable_title":"","footnotes":""},"class_list":["post-4473","page","type-page","status-publish","hentry"],"yoast_head":"<!-- This site is optimized with the Yoast SEO plugin v27.4 - https:\/\/yoast.com\/product\/yoast-seo-wordpress\/ -->\n<title>EQUIPA \/ CONTACTOS ESPONT\u00c2NEO<\/title>\n<meta name=\"robots\" content=\"index, follow, max-snippet:-1, max-image-preview:large, max-video-preview:-1\" \/>\n<link rel=\"canonical\" href=\"https:\/\/www.espontaneo.pt\/index.php\/equipa\/\" \/>\n<meta property=\"og:locale\" content=\"pt_PT\" \/>\n<meta property=\"og:type\" content=\"article\" \/>\n<meta property=\"og:title\" content=\"EQUIPA \/ CONTACTOS ESPONT\u00c2NEO\" \/>\n<meta property=\"og:description\" content=\"ESPONT\u00c2NEO PRODU\u00c7\u00c3O &#8211; Instant\u00e2neos ImproDIRE\u00c7\u00c3O ART\u00cdSTICA &#8211; Marco Gra\u00e7aDIRE\u00c7\u00c3O DE PRODU\u00c7\u00c3O &#8211; Ricardo SoaresAPOIO \u00c0 PRODU\u00c7\u00c3O &#8211; Nuno Fradique, Marco MartinDIRE\u00c7\u00c3O T\u00c9CNICA &#8211; Show VenturaMONTAGEM &#8211; Equipa T\u00e9cnica Centro Cultural Olga Cadaval\u00a0LUMINOTECNIA &#8211; Nuno GomesM\u00daSICO RESIDENTE &#8211; Jo\u00e3o Eir\u00f3GRAFISMO &#8211; Pedro Marque (PAM)WEB DESIGN &#8211; Ant\u00f3nio GilASSESSORIA DE IMPRENSA &#8211; Liliana SoaresVIDEOGRAFIA &#8211; Ricardo Reis\u00a0CONT\u00c9UDOS&hellip;&nbsp;Ler mais &raquo;EQUIPA \/ CONTACTOS\" \/>\n<meta property=\"og:url\" content=\"https:\/\/www.espontaneo.pt\/index.php\/equipa\/\" \/>\n<meta property=\"og:site_name\" content=\"ESPONT\u00c2NEO\" \/>\n<meta property=\"article:modified_time\" content=\"2025-02-01T16:33:50+00:00\" \/>\n<meta property=\"og:image\" content=\"https:\/\/www.espontaneo.pt\/wp-content\/uploads\/2025\/02\/EQUIPA-2.png\" \/>\n<meta name=\"twitter:card\" content=\"summary_large_image\" \/>\n<meta name=\"twitter:label1\" content=\"Tempo estimado de leitura\" \/>\n\t<meta name=\"twitter:data1\" content=\"2 minutos\" \/>\n<script type=\"application\/ld+json\" class=\"yoast-schema-graph\">{\"@context\":\"https:\\\/\\\/schema.org\",\"@graph\":[{\"@type\":\"WebPage\",\"@id\":\"https:\\\/\\\/www.espontaneo.pt\\\/index.php\\\/equipa\\\/\",\"url\":\"https:\\\/\\\/www.espontaneo.pt\\\/index.php\\\/equipa\\\/\",\"name\":\"EQUIPA \\\/ CONTACTOS ESPONT\u00c2NEO\",\"isPartOf\":{\"@id\":\"https:\\\/\\\/www.espontaneo.pt\\\/#website\"},\"primaryImageOfPage\":{\"@id\":\"https:\\\/\\\/www.espontaneo.pt\\\/index.php\\\/equipa\\\/#primaryimage\"},\"image\":{\"@id\":\"https:\\\/\\\/www.espontaneo.pt\\\/index.php\\\/equipa\\\/#primaryimage\"},\"thumbnailUrl\":\"https:\\\/\\\/www.espontaneo.pt\\\/wp-content\\\/uploads\\\/2025\\\/02\\\/EQUIPA-2.png\",\"datePublished\":\"2024-01-14T05:52:36+00:00\",\"dateModified\":\"2025-02-01T16:33:50+00:00\",\"breadcrumb\":{\"@id\":\"https:\\\/\\\/www.espontaneo.pt\\\/index.php\\\/equipa\\\/#breadcrumb\"},\"inLanguage\":\"pt-PT\",\"potentialAction\":[{\"@type\":\"ReadAction\",\"target\":[\"https:\\\/\\\/www.espontaneo.pt\\\/index.php\\\/equipa\\\/\"]}]},{\"@type\":\"ImageObject\",\"inLanguage\":\"pt-PT\",\"@id\":\"https:\\\/\\\/www.espontaneo.pt\\\/index.php\\\/equipa\\\/#primaryimage\",\"url\":\"https:\\\/\\\/www.espontaneo.pt\\\/wp-content\\\/uploads\\\/2025\\\/02\\\/EQUIPA-2.png\",\"contentUrl\":\"https:\\\/\\\/www.espontaneo.pt\\\/wp-content\\\/uploads\\\/2025\\\/02\\\/EQUIPA-2.png\",\"width\":994,\"height\":291},{\"@type\":\"BreadcrumbList\",\"@id\":\"https:\\\/\\\/www.espontaneo.pt\\\/index.php\\\/equipa\\\/#breadcrumb\",\"itemListElement\":[{\"@type\":\"ListItem\",\"position\":1,\"name\":\"Home\",\"item\":\"https:\\\/\\\/www.espontaneo.pt\\\/\"},{\"@type\":\"ListItem\",\"position\":2,\"name\":\"EQUIPA \\\/ CONTACTOS\"}]},{\"@type\":\"WebSite\",\"@id\":\"https:\\\/\\\/www.espontaneo.pt\\\/#website\",\"url\":\"https:\\\/\\\/www.espontaneo.pt\\\/\",\"name\":\"ESPONT\u00c2NEO\",\"description\":\"Festival Internacional de Teatro de Improviso\",\"publisher\":{\"@id\":\"https:\\\/\\\/www.espontaneo.pt\\\/#organization\"},\"potentialAction\":[{\"@type\":\"SearchAction\",\"target\":{\"@type\":\"EntryPoint\",\"urlTemplate\":\"https:\\\/\\\/www.espontaneo.pt\\\/?s={search_term_string}\"},\"query-input\":{\"@type\":\"PropertyValueSpecification\",\"valueRequired\":true,\"valueName\":\"search_term_string\"}}],\"inLanguage\":\"pt-PT\"},{\"@type\":\"Organization\",\"@id\":\"https:\\\/\\\/www.espontaneo.pt\\\/#organization\",\"name\":\"ESPONT\u00c2NEO\",\"url\":\"https:\\\/\\\/www.espontaneo.pt\\\/\",\"logo\":{\"@type\":\"ImageObject\",\"inLanguage\":\"pt-PT\",\"@id\":\"https:\\\/\\\/www.espontaneo.pt\\\/#\\\/schema\\\/logo\\\/image\\\/\",\"url\":\"https:\\\/\\\/www.espontaneo.pt\\\/wp-content\\\/uploads\\\/2024\\\/01\\\/espontaneo-2024.png\",\"contentUrl\":\"https:\\\/\\\/www.espontaneo.pt\\\/wp-content\\\/uploads\\\/2024\\\/01\\\/espontaneo-2024.png\",\"width\":690,\"height\":648,\"caption\":\"ESPONT\u00c2NEO\"},\"image\":{\"@id\":\"https:\\\/\\\/www.espontaneo.pt\\\/#\\\/schema\\\/logo\\\/image\\\/\"}}]}<\/script>\n<!-- \/ Yoast SEO plugin. -->","yoast_head_json":{"title":"EQUIPA \/ CONTACTOS ESPONT\u00c2NEO","robots":{"index":"index","follow":"follow","max-snippet":"max-snippet:-1","max-image-preview":"max-image-preview:large","max-video-preview":"max-video-preview:-1"},"canonical":"https:\/\/www.espontaneo.pt\/index.php\/equipa\/","og_locale":"pt_PT","og_type":"article","og_title":"EQUIPA \/ CONTACTOS ESPONT\u00c2NEO","og_description":"ESPONT\u00c2NEO PRODU\u00c7\u00c3O &#8211; Instant\u00e2neos ImproDIRE\u00c7\u00c3O ART\u00cdSTICA &#8211; Marco Gra\u00e7aDIRE\u00c7\u00c3O DE PRODU\u00c7\u00c3O &#8211; Ricardo SoaresAPOIO \u00c0 PRODU\u00c7\u00c3O &#8211; Nuno Fradique, Marco MartinDIRE\u00c7\u00c3O T\u00c9CNICA &#8211; Show VenturaMONTAGEM &#8211; Equipa T\u00e9cnica Centro Cultural Olga Cadaval\u00a0LUMINOTECNIA &#8211; Nuno GomesM\u00daSICO RESIDENTE &#8211; Jo\u00e3o Eir\u00f3GRAFISMO &#8211; Pedro Marque (PAM)WEB DESIGN &#8211; Ant\u00f3nio GilASSESSORIA DE IMPRENSA &#8211; Liliana SoaresVIDEOGRAFIA &#8211; Ricardo Reis\u00a0CONT\u00c9UDOS&hellip;&nbsp;Ler mais &raquo;EQUIPA \/ CONTACTOS","og_url":"https:\/\/www.espontaneo.pt\/index.php\/equipa\/","og_site_name":"ESPONT\u00c2NEO","article_modified_time":"2025-02-01T16:33:50+00:00","og_image":[{"url":"https:\/\/www.espontaneo.pt\/wp-content\/uploads\/2025\/02\/EQUIPA-2.png","type":"","width":"","height":""}],"twitter_card":"summary_large_image","twitter_misc":{"Tempo estimado de leitura":"2 minutos"},"schema":{"@context":"https:\/\/schema.org","@graph":[{"@type":"WebPage","@id":"https:\/\/www.espontaneo.pt\/index.php\/equipa\/","url":"https:\/\/www.espontaneo.pt\/index.php\/equipa\/","name":"EQUIPA \/ CONTACTOS ESPONT\u00c2NEO","isPartOf":{"@id":"https:\/\/www.espontaneo.pt\/#website"},"primaryImageOfPage":{"@id":"https:\/\/www.espontaneo.pt\/index.php\/equipa\/#primaryimage"},"image":{"@id":"https:\/\/www.espontaneo.pt\/index.php\/equipa\/#primaryimage"},"thumbnailUrl":"https:\/\/www.espontaneo.pt\/wp-content\/uploads\/2025\/02\/EQUIPA-2.png","datePublished":"2024-01-14T05:52:36+00:00","dateModified":"2025-02-01T16:33:50+00:00","breadcrumb":{"@id":"https:\/\/www.espontaneo.pt\/index.php\/equipa\/#breadcrumb"},"inLanguage":"pt-PT","potentialAction":[{"@type":"ReadAction","target":["https:\/\/www.espontaneo.pt\/index.php\/equipa\/"]}]},{"@type":"ImageObject","inLanguage":"pt-PT","@id":"https:\/\/www.espontaneo.pt\/index.php\/equipa\/#primaryimage","url":"https:\/\/www.espontaneo.pt\/wp-content\/uploads\/2025\/02\/EQUIPA-2.png","contentUrl":"https:\/\/www.espontaneo.pt\/wp-content\/uploads\/2025\/02\/EQUIPA-2.png","width":994,"height":291},{"@type":"BreadcrumbList","@id":"https:\/\/www.espontaneo.pt\/index.php\/equipa\/#breadcrumb","itemListElement":[{"@type":"ListItem","position":1,"name":"Home","item":"https:\/\/www.espontaneo.pt\/"},{"@type":"ListItem","position":2,"name":"EQUIPA \/ CONTACTOS"}]},{"@type":"WebSite","@id":"https:\/\/www.espontaneo.pt\/#website","url":"https:\/\/www.espontaneo.pt\/","name":"ESPONT\u00c2NEO","description":"Festival Internacional de Teatro de Improviso","publisher":{"@id":"https:\/\/www.espontaneo.pt\/#organization"},"potentialAction":[{"@type":"SearchAction","target":{"@type":"EntryPoint","urlTemplate":"https:\/\/www.espontaneo.pt\/?s={search_term_string}"},"query-input":{"@type":"PropertyValueSpecification","valueRequired":true,"valueName":"search_term_string"}}],"inLanguage":"pt-PT"},{"@type":"Organization","@id":"https:\/\/www.espontaneo.pt\/#organization","name":"ESPONT\u00c2NEO","url":"https:\/\/www.espontaneo.pt\/","logo":{"@type":"ImageObject","inLanguage":"pt-PT","@id":"https:\/\/www.espontaneo.pt\/#\/schema\/logo\/image\/","url":"https:\/\/www.espontaneo.pt\/wp-content\/uploads\/2024\/01\/espontaneo-2024.png","contentUrl":"https:\/\/www.espontaneo.pt\/wp-content\/uploads\/2024\/01\/espontaneo-2024.png","width":690,"height":648,"caption":"ESPONT\u00c2NEO"},"image":{"@id":"https:\/\/www.espontaneo.pt\/#\/schema\/logo\/image\/"}}]}},"_links":{"self":[{"href":"https:\/\/www.espontaneo.pt\/index.php\/wp-json\/wp\/v2\/pages\/4473","targetHints":{"allow":["GET"]}}],"collection":[{"href":"https:\/\/www.espontaneo.pt\/index.php\/wp-json\/wp\/v2\/pages"}],"about":[{"href":"https:\/\/www.espontaneo.pt\/index.php\/wp-json\/wp\/v2\/types\/page"}],"author":[{"embeddable":true,"href":"https:\/\/www.espontaneo.pt\/index.php\/wp-json\/wp\/v2\/users\/5"}],"replies":[{"embeddable":true,"href":"https:\/\/www.espontaneo.pt\/index.php\/wp-json\/wp\/v2\/comments?post=4473"}],"version-history":[{"count":0,"href":"https:\/\/www.espontaneo.pt\/index.php\/wp-json\/wp\/v2\/pages\/4473\/revisions"}],"wp:attachment":[{"href":"https:\/\/www.espontaneo.pt\/index.php\/wp-json\/wp\/v2\/media?parent=4473"}],"curies":[{"name":"wp","href":"https:\/\/api.w.org\/{rel}","templated":true}]}}