{"id":3888,"date":"2024-01-13T04:07:26","date_gmt":"2024-01-13T04:07:26","guid":{"rendered":"https:\/\/www.espontaneo.pt\/?page_id=3888"},"modified":"2025-02-01T22:47:53","modified_gmt":"2025-02-01T22:47:53","slug":"campeonatomundial-impro","status":"publish","type":"page","link":"https:\/\/www.espontaneo.pt\/index.php\/campeonatomundial-impro\/","title":{"rendered":"CAMPEONATO MUNDIAL DE IMPRO"},"content":{"rendered":"\t\t<div data-elementor-type=\"wp-page\" data-elementor-id=\"3888\" class=\"elementor elementor-3888\" data-elementor-post-type=\"page\">\n\t\t\t\t\t\t<section class=\"elementor-section elementor-top-section elementor-element elementor-element-528f6ad8 elementor-section-height-min-height elementor-section-full_width elementor-section-stretched elementor-section-height-default elementor-section-items-middle\" data-id=\"528f6ad8\" data-element_type=\"section\" data-e-type=\"section\" data-settings=\"{&quot;background_background&quot;:&quot;gradient&quot;,&quot;stretch_section&quot;:&quot;section-stretched&quot;}\">\n\t\t\t\t\t\t<div class=\"elementor-container elementor-column-gap-default\">\n\t\t\t\t\t<div class=\"elementor-column elementor-col-100 elementor-top-column elementor-element elementor-element-1b855acb\" data-id=\"1b855acb\" data-element_type=\"column\" data-e-type=\"column\" data-settings=\"{&quot;background_background&quot;:&quot;classic&quot;}\">\n\t\t\t<div class=\"elementor-widget-wrap elementor-element-populated\">\n\t\t\t\t\t\t<div class=\"elementor-element elementor-element-ae63c6e elementor-widget-divider--view-line elementor-widget elementor-widget-divider\" data-id=\"ae63c6e\" data-element_type=\"widget\" data-e-type=\"widget\" data-widget_type=\"divider.default\">\n\t\t\t\t<div class=\"elementor-widget-container\">\n\t\t\t\t\t\t\t<div class=\"elementor-divider\">\n\t\t\t<span class=\"elementor-divider-separator\">\n\t\t\t\t\t\t<\/span>\n\t\t<\/div>\n\t\t\t\t\t\t<\/div>\n\t\t\t\t<\/div>\n\t\t\t\t<div class=\"elementor-element elementor-element-97fc86f elementor-invisible elementor-widget elementor-widget-image\" data-id=\"97fc86f\" data-element_type=\"widget\" data-e-type=\"widget\" data-settings=\"{&quot;_animation&quot;:&quot;fadeInLeft&quot;}\" data-widget_type=\"image.default\">\n\t\t\t\t<div class=\"elementor-widget-container\">\n\t\t\t\t\t\t\t\t\t\t\t\t\t\t\t<img decoding=\"async\" width=\"300\" height=\"88\" src=\"https:\/\/www.espontaneo.pt\/wp-content\/uploads\/2025\/02\/CM-300x88.png\" class=\"attachment-medium size-medium wp-image-6578\" alt=\"\" srcset=\"https:\/\/www.espontaneo.pt\/wp-content\/uploads\/2025\/02\/CM-300x88.png 300w, https:\/\/www.espontaneo.pt\/wp-content\/uploads\/2025\/02\/CM-768x225.png 768w, https:\/\/www.espontaneo.pt\/wp-content\/uploads\/2025\/02\/CM.png 994w\" sizes=\"(max-width: 300px) 100vw, 300px\" \/>\t\t\t\t\t\t\t\t\t\t\t\t\t\t\t<\/div>\n\t\t\t\t<\/div>\n\t\t\t\t<div class=\"elementor-element elementor-element-dfa2f5c elementor-widget-divider--view-line elementor-widget elementor-widget-divider\" data-id=\"dfa2f5c\" data-element_type=\"widget\" data-e-type=\"widget\" data-widget_type=\"divider.default\">\n\t\t\t\t<div class=\"elementor-widget-container\">\n\t\t\t\t\t\t\t<div class=\"elementor-divider\">\n\t\t\t<span class=\"elementor-divider-separator\">\n\t\t\t\t\t\t<\/span>\n\t\t<\/div>\n\t\t\t\t\t\t<\/div>\n\t\t\t\t<\/div>\n\t\t\t\t<div class=\"elementor-element elementor-element-e62320d elementor-widget elementor-widget-text-editor\" data-id=\"e62320d\" data-element_type=\"widget\" data-e-type=\"widget\" data-widget_type=\"text-editor.default\">\n\t\t\t\t<div class=\"elementor-widget-container\">\n\t\t\t\t\t\t\t\t\t<div class=\"flex-shrink-0 flex flex-col relative items-end\"><div><div class=\"pt-0\"><div class=\"gizmo-bot-avatar flex h-8 w-8 items-center justify-center overflow-hidden rounded-full\"><div class=\"relative p-1 rounded-sm flex items-center justify-center bg-token-main-surface-primary text-token-text-primary h-8 w-8\">O <strong>Campeonato Mundial de Improviso<\/strong>, afirma-se como um evento de refer\u00eancia internacional, reunindo no emblem\u00e1tico <strong>Coliseu dos Recreios<\/strong>, em Lisboa, os mais talentosos improvisadores do mundo.<br \/><br \/><\/div><\/div><\/div><\/div><\/div><div class=\"group\/conversation-turn relative flex w-full min-w-0 flex-col agent-turn\"><div class=\"flex-col gap-1 md:gap-3\"><div class=\"flex max-w-full flex-col flex-grow\"><div class=\"min-h-8 text-message flex w-full flex-col items-end gap-2 whitespace-normal break-words text-start [.text-message+&amp;]:mt-5\" dir=\"auto\" data-message-author-role=\"assistant\" data-message-id=\"ccf512e8-357f-4b8f-ac09-38c8c1a18205\" data-message-model-slug=\"gpt-4o\"><div class=\"flex w-full flex-col gap-1 empty:hidden first:pt-[3px]\"><div class=\"markdown prose w-full break-words dark:prose-invert light\"><p>Esta competi\u00e7\u00e3o distingue-se pela exig\u00eancia t\u00e9cnica e pela imprevisibilidade inerente \u00e0 arte da improvisa\u00e7\u00e3o teatral.<br \/>\u00a0Sem textos predefinidos ou ensaios, as equipas enfrentam desafios em tempo real, colocando \u00e0 prova a sua criatividade, capacidade de adapta\u00e7\u00e3o e intera\u00e7\u00e3o com o p\u00fablico.<br \/><span style=\"font-size: var(--bodyfontsize); letter-spacing: var(--bodyletterspacing); text-transform: var(--bodytexttransform);\">Mais do que um torneio, este campeonato \u00e9 uma celebra\u00e7\u00e3o do teatro de improviso na sua forma mais pura, elevando a espontaneidade a um patamar de excel\u00eancia.<br \/><br \/>\u00a0No cora\u00e7\u00e3o da cidade, num dos mais prestigiados palcos nacionais, os melhores improvisadores competem pelo t\u00edtulo mundial, naquela que \u00e9 considerada a competi\u00e7\u00e3o mais louca de sempre.<br \/><strong>Nova data a anunciar brevemente.<\/strong><\/span><\/p><p>O <strong>Campeonato Mundial de Improviso<\/strong> \u00e9 uma produ\u00e7\u00e3o dos Instant\u00e2neos Impro.<\/p><\/div><\/div><\/div><\/div><\/div><\/div>\t\t\t\t\t\t\t\t<\/div>\n\t\t\t\t<\/div>\n\t\t\t\t<div class=\"elementor-element elementor-element-fd1289e elementor-widget elementor-widget-video\" data-id=\"fd1289e\" data-element_type=\"widget\" data-e-type=\"widget\" data-settings=\"{&quot;youtube_url&quot;:&quot;https:\\\/\\\/www.youtube.com\\\/watch?v=cS2XH0o5upc&quot;,&quot;autoplay&quot;:&quot;yes&quot;,&quot;play_on_mobile&quot;:&quot;yes&quot;,&quot;video_type&quot;:&quot;youtube&quot;,&quot;controls&quot;:&quot;yes&quot;}\" data-widget_type=\"video.default\">\n\t\t\t\t<div class=\"elementor-widget-container\">\n\t\t\t\t\t\t\t<div class=\"elementor-wrapper elementor-open-inline\">\n\t\t\t<div class=\"elementor-video\"><\/div>\t\t<\/div>\n\t\t\t\t\t\t<\/div>\n\t\t\t\t<\/div>\n\t\t\t\t<div class=\"elementor-element elementor-element-7f9175c elementor-widget-divider--view-line elementor-widget elementor-widget-divider\" data-id=\"7f9175c\" data-element_type=\"widget\" data-e-type=\"widget\" data-widget_type=\"divider.default\">\n\t\t\t\t<div class=\"elementor-widget-container\">\n\t\t\t\t\t\t\t<div class=\"elementor-divider\">\n\t\t\t<span class=\"elementor-divider-separator\">\n\t\t\t\t\t\t<\/span>\n\t\t<\/div>\n\t\t\t\t\t\t<\/div>\n\t\t\t\t<\/div>\n\t\t\t\t<div class=\"elementor-element elementor-element-0515ad3 elementor-arrows-position-inside elementor-widget elementor-widget-image-carousel\" data-id=\"0515ad3\" data-element_type=\"widget\" data-e-type=\"widget\" data-settings=\"{&quot;navigation&quot;:&quot;arrows&quot;,&quot;autoplay&quot;:&quot;yes&quot;,&quot;pause_on_hover&quot;:&quot;yes&quot;,&quot;pause_on_interaction&quot;:&quot;yes&quot;,&quot;autoplay_speed&quot;:5000,&quot;infinite&quot;:&quot;yes&quot;,&quot;speed&quot;:500}\" data-widget_type=\"image-carousel.default\">\n\t\t\t\t<div class=\"elementor-widget-container\">\n\t\t\t\t\t\t\t<div class=\"elementor-image-carousel-wrapper swiper\" role=\"region\" aria-roledescription=\"carousel\" aria-label=\"Carrossel de imagens\" dir=\"ltr\">\n\t\t\t<div class=\"elementor-image-carousel swiper-wrapper swiper-image-stretch\" aria-live=\"off\">\n\t\t\t\t\t\t\t\t<div class=\"swiper-slide\" role=\"group\" aria-roledescription=\"slide\" aria-label=\"1 of 4\"><figure class=\"swiper-slide-inner\"><img decoding=\"async\" class=\"swiper-slide-image\" src=\"https:\/\/www.espontaneo.pt\/wp-content\/uploads\/2024\/01\/WhatsApp-Image-2024-01-13-at-22.20.22-5-768x1153.jpeg\" alt=\"WhatsApp Image 2024-01-13 at 22.20.22 (5)\" \/><\/figure><\/div><div class=\"swiper-slide\" role=\"group\" aria-roledescription=\"slide\" aria-label=\"2 of 4\"><figure class=\"swiper-slide-inner\"><img decoding=\"async\" class=\"swiper-slide-image\" src=\"https:\/\/www.espontaneo.pt\/wp-content\/uploads\/2024\/01\/WhatsApp-Image-2024-01-13-at-22.20.22-4-768x1153.jpeg\" alt=\"WhatsApp Image 2024-01-13 at 22.20.22 (4)\" \/><\/figure><\/div><div class=\"swiper-slide\" role=\"group\" aria-roledescription=\"slide\" aria-label=\"3 of 4\"><figure class=\"swiper-slide-inner\"><img decoding=\"async\" class=\"swiper-slide-image\" src=\"https:\/\/www.espontaneo.pt\/wp-content\/uploads\/2024\/01\/WhatsApp-Image-2024-01-13-at-22.20.22-2-768x1153.jpeg\" alt=\"WhatsApp Image 2024-01-13 at 22.20.22 (2)\" \/><\/figure><\/div><div class=\"swiper-slide\" role=\"group\" aria-roledescription=\"slide\" aria-label=\"4 of 4\"><figure class=\"swiper-slide-inner\"><img decoding=\"async\" class=\"swiper-slide-image\" src=\"https:\/\/www.espontaneo.pt\/wp-content\/uploads\/2024\/01\/WhatsApp-Image-2024-01-13-at-22.20.22-768x1153.jpeg\" alt=\"WhatsApp Image 2024-01-13 at 22.20.22\" \/><\/figure><\/div>\t\t\t<\/div>\n\t\t\t\t\t\t\t\t\t\t\t\t<div class=\"elementor-swiper-button elementor-swiper-button-prev\" role=\"button\" tabindex=\"0\">\n\t\t\t\t\t\t<i aria-hidden=\"true\" class=\"eicon-chevron-left\"><\/i>\t\t\t\t\t<\/div>\n\t\t\t\t\t<div class=\"elementor-swiper-button elementor-swiper-button-next\" role=\"button\" tabindex=\"0\">\n\t\t\t\t\t\t<i aria-hidden=\"true\" class=\"eicon-chevron-right\"><\/i>\t\t\t\t\t<\/div>\n\t\t\t\t\n\t\t\t\t\t\t\t\t\t<\/div>\n\t\t\t\t\t\t<\/div>\n\t\t\t\t<\/div>\n\t\t\t\t<div class=\"elementor-element elementor-element-7858061 elementor-widget-divider--view-line elementor-widget elementor-widget-divider\" data-id=\"7858061\" data-element_type=\"widget\" data-e-type=\"widget\" data-widget_type=\"divider.default\">\n\t\t\t\t<div class=\"elementor-widget-container\">\n\t\t\t\t\t\t\t<div class=\"elementor-divider\">\n\t\t\t<span class=\"elementor-divider-separator\">\n\t\t\t\t\t\t<\/span>\n\t\t<\/div>\n\t\t\t\t\t\t<\/div>\n\t\t\t\t<\/div>\n\t\t\t\t<div class=\"elementor-element elementor-element-26223ec7 elementor-shape-circle elementor-grid-4 e-grid-align-center elementor-widget elementor-widget-social-icons\" data-id=\"26223ec7\" data-element_type=\"widget\" data-e-type=\"widget\" data-widget_type=\"social-icons.default\">\n\t\t\t\t<div class=\"elementor-widget-container\">\n\t\t\t\t\t\t\t<div class=\"elementor-social-icons-wrapper elementor-grid\" role=\"list\">\n\t\t\t\t\t\t\t<span class=\"elementor-grid-item\" role=\"listitem\">\n\t\t\t\t\t<a class=\"elementor-icon elementor-social-icon elementor-social-icon-facebook elementor-animation-shrink elementor-repeater-item-ce78551\" href=\"https:\/\/www.facebook.com\/espontaneofestivalimpro\/\" target=\"_blank\">\n\t\t\t\t\t\t<span class=\"elementor-screen-only\">Facebook<\/span>\n\t\t\t\t\t\t<i aria-hidden=\"true\" class=\"fab fa-facebook\"><\/i>\t\t\t\t\t<\/a>\n\t\t\t\t<\/span>\n\t\t\t\t\t\t\t<span class=\"elementor-grid-item\" role=\"listitem\">\n\t\t\t\t\t<a class=\"elementor-icon elementor-social-icon elementor-social-icon-instagram elementor-animation-shrink elementor-repeater-item-36066a9\" href=\"https:\/\/www.instagram.com\/espontaneo_festimpro\/\" target=\"_blank\">\n\t\t\t\t\t\t<span class=\"elementor-screen-only\">Instagram<\/span>\n\t\t\t\t\t\t<i aria-hidden=\"true\" class=\"fab fa-instagram\"><\/i>\t\t\t\t\t<\/a>\n\t\t\t\t<\/span>\n\t\t\t\t\t\t\t<span class=\"elementor-grid-item\" role=\"listitem\">\n\t\t\t\t\t<a class=\"elementor-icon elementor-social-icon elementor-social-icon-youtube elementor-animation-shrink elementor-repeater-item-9e28351\" href=\"https:\/\/www.youtube.com\/channel\/UCemdIAHIdt8cFm5ayu3ImhA\" target=\"_blank\">\n\t\t\t\t\t\t<span class=\"elementor-screen-only\">Youtube<\/span>\n\t\t\t\t\t\t<i aria-hidden=\"true\" class=\"fab fa-youtube\"><\/i>\t\t\t\t\t<\/a>\n\t\t\t\t<\/span>\n\t\t\t\t\t\t\t<span class=\"elementor-grid-item\" role=\"listitem\">\n\t\t\t\t\t<a class=\"elementor-icon elementor-social-icon elementor-social-icon-twitter elementor-animation-shrink elementor-repeater-item-f30ba73\" href=\"https:\/\/twitter.com\/instantaneos_\" target=\"_blank\">\n\t\t\t\t\t\t<span class=\"elementor-screen-only\">Twitter<\/span>\n\t\t\t\t\t\t<i aria-hidden=\"true\" class=\"fab fa-twitter\"><\/i>\t\t\t\t\t<\/a>\n\t\t\t\t<\/span>\n\t\t\t\t\t<\/div>\n\t\t\t\t\t\t<\/div>\n\t\t\t\t<\/div>\n\t\t\t\t<div class=\"elementor-element elementor-element-387b6d2f elementor-widget elementor-widget-spacer\" data-id=\"387b6d2f\" data-element_type=\"widget\" data-e-type=\"widget\" data-widget_type=\"spacer.default\">\n\t\t\t\t<div class=\"elementor-widget-container\">\n\t\t\t\t\t\t\t<div class=\"elementor-spacer\">\n\t\t\t<div class=\"elementor-spacer-inner\"><\/div>\n\t\t<\/div>\n\t\t\t\t\t\t<\/div>\n\t\t\t\t<\/div>\n\t\t\t\t<div class=\"elementor-element elementor-element-7aeaa2e7 elementor-widget elementor-widget-text-editor\" data-id=\"7aeaa2e7\" data-element_type=\"widget\" data-e-type=\"widget\" data-widget_type=\"text-editor.default\">\n\t\t\t\t<div class=\"elementor-widget-container\">\n\t\t\t\t\t\t\t\t\t<p><b>Telem\u00f3vel:<\/b>\u00a0+351 938 598\u00a0247<br \/><b>Info\/Inscri\u00e7\u00f5es:<\/b>\u00a0geral@instantaneos.pt<br \/><b>Assessoria de Imprensa:<\/b>\u00a0producao@instantaneos.pt<\/p>\t\t\t\t\t\t\t\t<\/div>\n\t\t\t\t<\/div>\n\t\t\t\t<div class=\"elementor-element elementor-element-5d9dd2b7 elementor-widget elementor-widget-spacer\" data-id=\"5d9dd2b7\" data-element_type=\"widget\" data-e-type=\"widget\" data-widget_type=\"spacer.default\">\n\t\t\t\t<div class=\"elementor-widget-container\">\n\t\t\t\t\t\t\t<div class=\"elementor-spacer\">\n\t\t\t<div class=\"elementor-spacer-inner\"><\/div>\n\t\t<\/div>\n\t\t\t\t\t\t<\/div>\n\t\t\t\t<\/div>\n\t\t\t\t<div class=\"elementor-element elementor-element-59b7ebe6 elementor-widget elementor-widget-text-editor\" data-id=\"59b7ebe6\" data-element_type=\"widget\" data-e-type=\"widget\" data-widget_type=\"text-editor.default\">\n\t\t\t\t<div class=\"elementor-widget-container\">\n\t\t\t\t\t\t\t\t\t<p>\u00a9 Festival Internacional de Teatro de Improviso.\u00a0<\/p>\t\t\t\t\t\t\t\t<\/div>\n\t\t\t\t<\/div>\n\t\t\t\t\t<\/div>\n\t\t<\/div>\n\t\t\t\t\t<\/div>\n\t\t<\/section>\n\t\t\t\t<\/div>\n\t\t","protected":false},"excerpt":{"rendered":"<p>O Campeonato Mundial de Improviso, afirma-se como um evento de refer\u00eancia internacional, reunindo no emblem\u00e1tico Coliseu dos Recreios, em Lisboa, os mais talentosos improvisadores do mundo. Esta competi\u00e7\u00e3o distingue-se pela exig\u00eancia t\u00e9cnica e pela imprevisibilidade inerente \u00e0 arte da improvisa\u00e7\u00e3o teatral.\u00a0Sem textos predefinidos ou ensaios, as equipas enfrentam desafios em tempo real, colocando \u00e0 prova&hellip;&nbsp;<a href=\"https:\/\/www.espontaneo.pt\/index.php\/campeonatomundial-impro\/\" rel=\"bookmark\">Ler mais &raquo;<span class=\"screen-reader-text\">CAMPEONATO MUNDIAL DE IMPRO<\/span><\/a><\/p>\n","protected":false},"author":5,"featured_media":0,"parent":0,"menu_order":0,"comment_status":"closed","ping_status":"closed","template":"","meta":{"neve_meta_sidebar":"full-width","neve_meta_container":"","neve_meta_enable_content_width":"on","neve_meta_content_width":100,"neve_meta_title_alignment":"","neve_meta_author_avatar":"","neve_post_elements_order":"","neve_meta_disable_header":"","neve_meta_disable_footer":"","neve_meta_disable_title":"","footnotes":""},"class_list":["post-3888","page","type-page","status-publish","hentry"],"yoast_head":"<!-- This site is optimized with the Yoast SEO plugin v27.4 - https:\/\/yoast.com\/product\/yoast-seo-wordpress\/ -->\n<title>CAMPEONATO MUNDIAL DE IMPRO ESPONT\u00c2NEO<\/title>\n<meta name=\"robots\" content=\"index, follow, max-snippet:-1, max-image-preview:large, max-video-preview:-1\" \/>\n<link rel=\"canonical\" href=\"https:\/\/www.espontaneo.pt\/index.php\/campeonatomundial-impro\/\" \/>\n<meta property=\"og:locale\" content=\"pt_PT\" \/>\n<meta property=\"og:type\" content=\"article\" \/>\n<meta property=\"og:title\" content=\"CAMPEONATO MUNDIAL DE IMPRO ESPONT\u00c2NEO\" \/>\n<meta property=\"og:description\" content=\"O Campeonato Mundial de Improviso, afirma-se como um evento de refer\u00eancia internacional, reunindo no emblem\u00e1tico Coliseu dos Recreios, em Lisboa, os mais talentosos improvisadores do mundo. Esta competi\u00e7\u00e3o distingue-se pela exig\u00eancia t\u00e9cnica e pela imprevisibilidade inerente \u00e0 arte da improvisa\u00e7\u00e3o teatral.\u00a0Sem textos predefinidos ou ensaios, as equipas enfrentam desafios em tempo real, colocando \u00e0 prova&hellip;&nbsp;Ler mais &raquo;CAMPEONATO MUNDIAL DE IMPRO\" \/>\n<meta property=\"og:url\" content=\"https:\/\/www.espontaneo.pt\/index.php\/campeonatomundial-impro\/\" \/>\n<meta property=\"og:site_name\" content=\"ESPONT\u00c2NEO\" \/>\n<meta property=\"article:modified_time\" content=\"2025-02-01T22:47:53+00:00\" \/>\n<meta property=\"og:image\" content=\"https:\/\/www.espontaneo.pt\/wp-content\/uploads\/2025\/02\/CM-300x88.png\" \/>\n<meta name=\"twitter:card\" content=\"summary_large_image\" \/>\n<meta name=\"twitter:label1\" content=\"Tempo estimado de leitura\" \/>\n\t<meta name=\"twitter:data1\" content=\"4 minutos\" \/>\n<script type=\"application\/ld+json\" class=\"yoast-schema-graph\">{\"@context\":\"https:\\\/\\\/schema.org\",\"@graph\":[{\"@type\":\"WebPage\",\"@id\":\"https:\\\/\\\/www.espontaneo.pt\\\/index.php\\\/campeonatomundial-impro\\\/\",\"url\":\"https:\\\/\\\/www.espontaneo.pt\\\/index.php\\\/campeonatomundial-impro\\\/\",\"name\":\"CAMPEONATO MUNDIAL DE IMPRO ESPONT\u00c2NEO\",\"isPartOf\":{\"@id\":\"https:\\\/\\\/www.espontaneo.pt\\\/#website\"},\"primaryImageOfPage\":{\"@id\":\"https:\\\/\\\/www.espontaneo.pt\\\/index.php\\\/campeonatomundial-impro\\\/#primaryimage\"},\"image\":{\"@id\":\"https:\\\/\\\/www.espontaneo.pt\\\/index.php\\\/campeonatomundial-impro\\\/#primaryimage\"},\"thumbnailUrl\":\"https:\\\/\\\/www.espontaneo.pt\\\/wp-content\\\/uploads\\\/2025\\\/02\\\/CM-300x88.png\",\"datePublished\":\"2024-01-13T04:07:26+00:00\",\"dateModified\":\"2025-02-01T22:47:53+00:00\",\"breadcrumb\":{\"@id\":\"https:\\\/\\\/www.espontaneo.pt\\\/index.php\\\/campeonatomundial-impro\\\/#breadcrumb\"},\"inLanguage\":\"pt-PT\",\"potentialAction\":[{\"@type\":\"ReadAction\",\"target\":[\"https:\\\/\\\/www.espontaneo.pt\\\/index.php\\\/campeonatomundial-impro\\\/\"]}]},{\"@type\":\"ImageObject\",\"inLanguage\":\"pt-PT\",\"@id\":\"https:\\\/\\\/www.espontaneo.pt\\\/index.php\\\/campeonatomundial-impro\\\/#primaryimage\",\"url\":\"https:\\\/\\\/www.espontaneo.pt\\\/wp-content\\\/uploads\\\/2025\\\/02\\\/CM.png\",\"contentUrl\":\"https:\\\/\\\/www.espontaneo.pt\\\/wp-content\\\/uploads\\\/2025\\\/02\\\/CM.png\",\"width\":994,\"height\":291},{\"@type\":\"BreadcrumbList\",\"@id\":\"https:\\\/\\\/www.espontaneo.pt\\\/index.php\\\/campeonatomundial-impro\\\/#breadcrumb\",\"itemListElement\":[{\"@type\":\"ListItem\",\"position\":1,\"name\":\"Home\",\"item\":\"https:\\\/\\\/www.espontaneo.pt\\\/\"},{\"@type\":\"ListItem\",\"position\":2,\"name\":\"CAMPEONATO MUNDIAL DE IMPRO\"}]},{\"@type\":\"WebSite\",\"@id\":\"https:\\\/\\\/www.espontaneo.pt\\\/#website\",\"url\":\"https:\\\/\\\/www.espontaneo.pt\\\/\",\"name\":\"ESPONT\u00c2NEO\",\"description\":\"Festival Internacional de Teatro de Improviso\",\"publisher\":{\"@id\":\"https:\\\/\\\/www.espontaneo.pt\\\/#organization\"},\"potentialAction\":[{\"@type\":\"SearchAction\",\"target\":{\"@type\":\"EntryPoint\",\"urlTemplate\":\"https:\\\/\\\/www.espontaneo.pt\\\/?s={search_term_string}\"},\"query-input\":{\"@type\":\"PropertyValueSpecification\",\"valueRequired\":true,\"valueName\":\"search_term_string\"}}],\"inLanguage\":\"pt-PT\"},{\"@type\":\"Organization\",\"@id\":\"https:\\\/\\\/www.espontaneo.pt\\\/#organization\",\"name\":\"ESPONT\u00c2NEO\",\"url\":\"https:\\\/\\\/www.espontaneo.pt\\\/\",\"logo\":{\"@type\":\"ImageObject\",\"inLanguage\":\"pt-PT\",\"@id\":\"https:\\\/\\\/www.espontaneo.pt\\\/#\\\/schema\\\/logo\\\/image\\\/\",\"url\":\"https:\\\/\\\/www.espontaneo.pt\\\/wp-content\\\/uploads\\\/2024\\\/01\\\/espontaneo-2024.png\",\"contentUrl\":\"https:\\\/\\\/www.espontaneo.pt\\\/wp-content\\\/uploads\\\/2024\\\/01\\\/espontaneo-2024.png\",\"width\":690,\"height\":648,\"caption\":\"ESPONT\u00c2NEO\"},\"image\":{\"@id\":\"https:\\\/\\\/www.espontaneo.pt\\\/#\\\/schema\\\/logo\\\/image\\\/\"}}]}<\/script>\n<!-- \/ Yoast SEO plugin. -->","yoast_head_json":{"title":"CAMPEONATO MUNDIAL DE IMPRO ESPONT\u00c2NEO","robots":{"index":"index","follow":"follow","max-snippet":"max-snippet:-1","max-image-preview":"max-image-preview:large","max-video-preview":"max-video-preview:-1"},"canonical":"https:\/\/www.espontaneo.pt\/index.php\/campeonatomundial-impro\/","og_locale":"pt_PT","og_type":"article","og_title":"CAMPEONATO MUNDIAL DE IMPRO ESPONT\u00c2NEO","og_description":"O Campeonato Mundial de Improviso, afirma-se como um evento de refer\u00eancia internacional, reunindo no emblem\u00e1tico Coliseu dos Recreios, em Lisboa, os mais talentosos improvisadores do mundo. Esta competi\u00e7\u00e3o distingue-se pela exig\u00eancia t\u00e9cnica e pela imprevisibilidade inerente \u00e0 arte da improvisa\u00e7\u00e3o teatral.\u00a0Sem textos predefinidos ou ensaios, as equipas enfrentam desafios em tempo real, colocando \u00e0 prova&hellip;&nbsp;Ler mais &raquo;CAMPEONATO MUNDIAL DE IMPRO","og_url":"https:\/\/www.espontaneo.pt\/index.php\/campeonatomundial-impro\/","og_site_name":"ESPONT\u00c2NEO","article_modified_time":"2025-02-01T22:47:53+00:00","og_image":[{"url":"https:\/\/www.espontaneo.pt\/wp-content\/uploads\/2025\/02\/CM-300x88.png","type":"","width":"","height":""}],"twitter_card":"summary_large_image","twitter_misc":{"Tempo estimado de leitura":"4 minutos"},"schema":{"@context":"https:\/\/schema.org","@graph":[{"@type":"WebPage","@id":"https:\/\/www.espontaneo.pt\/index.php\/campeonatomundial-impro\/","url":"https:\/\/www.espontaneo.pt\/index.php\/campeonatomundial-impro\/","name":"CAMPEONATO MUNDIAL DE IMPRO ESPONT\u00c2NEO","isPartOf":{"@id":"https:\/\/www.espontaneo.pt\/#website"},"primaryImageOfPage":{"@id":"https:\/\/www.espontaneo.pt\/index.php\/campeonatomundial-impro\/#primaryimage"},"image":{"@id":"https:\/\/www.espontaneo.pt\/index.php\/campeonatomundial-impro\/#primaryimage"},"thumbnailUrl":"https:\/\/www.espontaneo.pt\/wp-content\/uploads\/2025\/02\/CM-300x88.png","datePublished":"2024-01-13T04:07:26+00:00","dateModified":"2025-02-01T22:47:53+00:00","breadcrumb":{"@id":"https:\/\/www.espontaneo.pt\/index.php\/campeonatomundial-impro\/#breadcrumb"},"inLanguage":"pt-PT","potentialAction":[{"@type":"ReadAction","target":["https:\/\/www.espontaneo.pt\/index.php\/campeonatomundial-impro\/"]}]},{"@type":"ImageObject","inLanguage":"pt-PT","@id":"https:\/\/www.espontaneo.pt\/index.php\/campeonatomundial-impro\/#primaryimage","url":"https:\/\/www.espontaneo.pt\/wp-content\/uploads\/2025\/02\/CM.png","contentUrl":"https:\/\/www.espontaneo.pt\/wp-content\/uploads\/2025\/02\/CM.png","width":994,"height":291},{"@type":"BreadcrumbList","@id":"https:\/\/www.espontaneo.pt\/index.php\/campeonatomundial-impro\/#breadcrumb","itemListElement":[{"@type":"ListItem","position":1,"name":"Home","item":"https:\/\/www.espontaneo.pt\/"},{"@type":"ListItem","position":2,"name":"CAMPEONATO MUNDIAL DE IMPRO"}]},{"@type":"WebSite","@id":"https:\/\/www.espontaneo.pt\/#website","url":"https:\/\/www.espontaneo.pt\/","name":"ESPONT\u00c2NEO","description":"Festival Internacional de Teatro de Improviso","publisher":{"@id":"https:\/\/www.espontaneo.pt\/#organization"},"potentialAction":[{"@type":"SearchAction","target":{"@type":"EntryPoint","urlTemplate":"https:\/\/www.espontaneo.pt\/?s={search_term_string}"},"query-input":{"@type":"PropertyValueSpecification","valueRequired":true,"valueName":"search_term_string"}}],"inLanguage":"pt-PT"},{"@type":"Organization","@id":"https:\/\/www.espontaneo.pt\/#organization","name":"ESPONT\u00c2NEO","url":"https:\/\/www.espontaneo.pt\/","logo":{"@type":"ImageObject","inLanguage":"pt-PT","@id":"https:\/\/www.espontaneo.pt\/#\/schema\/logo\/image\/","url":"https:\/\/www.espontaneo.pt\/wp-content\/uploads\/2024\/01\/espontaneo-2024.png","contentUrl":"https:\/\/www.espontaneo.pt\/wp-content\/uploads\/2024\/01\/espontaneo-2024.png","width":690,"height":648,"caption":"ESPONT\u00c2NEO"},"image":{"@id":"https:\/\/www.espontaneo.pt\/#\/schema\/logo\/image\/"}}]}},"_links":{"self":[{"href":"https:\/\/www.espontaneo.pt\/index.php\/wp-json\/wp\/v2\/pages\/3888","targetHints":{"allow":["GET"]}}],"collection":[{"href":"https:\/\/www.espontaneo.pt\/index.php\/wp-json\/wp\/v2\/pages"}],"about":[{"href":"https:\/\/www.espontaneo.pt\/index.php\/wp-json\/wp\/v2\/types\/page"}],"author":[{"embeddable":true,"href":"https:\/\/www.espontaneo.pt\/index.php\/wp-json\/wp\/v2\/users\/5"}],"replies":[{"embeddable":true,"href":"https:\/\/www.espontaneo.pt\/index.php\/wp-json\/wp\/v2\/comments?post=3888"}],"version-history":[{"count":0,"href":"https:\/\/www.espontaneo.pt\/index.php\/wp-json\/wp\/v2\/pages\/3888\/revisions"}],"wp:attachment":[{"href":"https:\/\/www.espontaneo.pt\/index.php\/wp-json\/wp\/v2\/media?parent=3888"}],"curies":[{"name":"wp","href":"https:\/\/api.w.org\/{rel}","templated":true}]}}