{"id":3880,"date":"2024-01-13T04:00:56","date_gmt":"2024-01-13T04:00:56","guid":{"rendered":"https:\/\/www.espontaneo.pt\/?page_id=3880"},"modified":"2025-02-05T01:35:02","modified_gmt":"2025-02-05T01:35:02","slug":"late_night","status":"publish","type":"page","link":"https:\/\/www.espontaneo.pt\/index.php\/late_night\/","title":{"rendered":"LATE NIGHT"},"content":{"rendered":"\t\t<div data-elementor-type=\"wp-page\" data-elementor-id=\"3880\" class=\"elementor elementor-3880\" data-elementor-post-type=\"page\">\n\t\t\t\t\t\t<section class=\"elementor-section elementor-top-section elementor-element elementor-element-528f6ad8 elementor-section-height-min-height elementor-section-full_width elementor-section-stretched elementor-section-height-default elementor-section-items-middle\" data-id=\"528f6ad8\" data-element_type=\"section\" data-e-type=\"section\" data-settings=\"{&quot;background_background&quot;:&quot;gradient&quot;,&quot;stretch_section&quot;:&quot;section-stretched&quot;}\">\n\t\t\t\t\t\t<div class=\"elementor-container elementor-column-gap-default\">\n\t\t\t\t\t<div class=\"elementor-column elementor-col-100 elementor-top-column elementor-element elementor-element-1b855acb\" data-id=\"1b855acb\" data-element_type=\"column\" data-e-type=\"column\" data-settings=\"{&quot;background_background&quot;:&quot;classic&quot;}\">\n\t\t\t<div class=\"elementor-widget-wrap elementor-element-populated\">\n\t\t\t\t\t\t<div class=\"elementor-element elementor-element-37808f6 elementor-widget-divider--view-line elementor-widget elementor-widget-divider\" data-id=\"37808f6\" data-element_type=\"widget\" data-e-type=\"widget\" data-widget_type=\"divider.default\">\n\t\t\t\t<div class=\"elementor-widget-container\">\n\t\t\t\t\t\t\t<div class=\"elementor-divider\">\n\t\t\t<span class=\"elementor-divider-separator\">\n\t\t\t\t\t\t<\/span>\n\t\t<\/div>\n\t\t\t\t\t\t<\/div>\n\t\t\t\t<\/div>\n\t\t\t\t<div class=\"elementor-element elementor-element-5c31fb9 elementor-invisible elementor-widget elementor-widget-image\" data-id=\"5c31fb9\" data-element_type=\"widget\" data-e-type=\"widget\" data-settings=\"{&quot;_animation&quot;:&quot;fadeInUp&quot;}\" data-widget_type=\"image.default\">\n\t\t\t\t<div class=\"elementor-widget-container\">\n\t\t\t\t\t\t\t\t\t\t\t\t\t\t\t<img fetchpriority=\"high\" decoding=\"async\" width=\"300\" height=\"239\" src=\"https:\/\/www.espontaneo.pt\/wp-content\/uploads\/2025\/02\/TITLE-LATE-NIGHT-300x239.png\" class=\"attachment-medium size-medium wp-image-6711\" alt=\"\" srcset=\"https:\/\/www.espontaneo.pt\/wp-content\/uploads\/2025\/02\/TITLE-LATE-NIGHT-300x239.png 300w, https:\/\/www.espontaneo.pt\/wp-content\/uploads\/2025\/02\/TITLE-LATE-NIGHT-768x613.png 768w, https:\/\/www.espontaneo.pt\/wp-content\/uploads\/2025\/02\/TITLE-LATE-NIGHT.png 895w\" sizes=\"(max-width: 300px) 100vw, 300px\" \/>\t\t\t\t\t\t\t\t\t\t\t\t\t\t\t<\/div>\n\t\t\t\t<\/div>\n\t\t\t\t<div class=\"elementor-element elementor-element-3f62865 elementor-widget-divider--view-line elementor-widget elementor-widget-divider\" data-id=\"3f62865\" data-element_type=\"widget\" data-e-type=\"widget\" data-widget_type=\"divider.default\">\n\t\t\t\t<div class=\"elementor-widget-container\">\n\t\t\t\t\t\t\t<div class=\"elementor-divider\">\n\t\t\t<span class=\"elementor-divider-separator\">\n\t\t\t\t\t\t<\/span>\n\t\t<\/div>\n\t\t\t\t\t\t<\/div>\n\t\t\t\t<\/div>\n\t\t\t\t<div class=\"elementor-element elementor-element-a36cf55 elementor-widget elementor-widget-text-editor\" data-id=\"a36cf55\" data-element_type=\"widget\" data-e-type=\"widget\" data-widget_type=\"text-editor.default\">\n\t\t\t\t<div class=\"elementor-widget-container\">\n\t\t\t\t\t\t\t\t\t<p>Quando as luzes do palco se apagam, a festa continua no <strong>Espont\u00e2neo Late Night<\/strong> \u2013 o after party oficial do festival, onde o improviso e a descontra\u00e7\u00e3o se encontram num ambiente acolhedor.<br \/>Com um <strong>bar \u00e0 disposi\u00e7\u00e3o<\/strong> e um espa\u00e7o pensado para o conv\u00edvio entre artistas e p\u00fablico, esta \u00e9 a oportunidade perfeita para prolongar a energia do festival, trocar ideias, rir e partilhar momentos espont\u00e2neos fora do palco. Entre conversas informais e muita celebra\u00e7\u00e3o, o <strong>Espont\u00e2neo Late Night<\/strong> transforma-se num espa\u00e7o de encontro \u00fanico, onde a criatividade continua a fluir at\u00e9 altas horas.<\/p><p>A partir das 00h no <strong>FORNO ESPA\u00c7O CULTURAL<\/strong>, em Rio de Mouro.<\/p>\t\t\t\t\t\t\t\t<\/div>\n\t\t\t\t<\/div>\n\t\t\t\t<div class=\"elementor-element elementor-element-5207d66 elementor-invisible elementor-widget elementor-widget-image\" data-id=\"5207d66\" data-element_type=\"widget\" data-e-type=\"widget\" data-settings=\"{&quot;_animation&quot;:&quot;fadeInRight&quot;}\" data-widget_type=\"image.default\">\n\t\t\t\t<div class=\"elementor-widget-container\">\n\t\t\t\t\t\t\t\t\t\t\t\t\t\t\t<img decoding=\"async\" width=\"300\" height=\"193\" src=\"https:\/\/www.espontaneo.pt\/wp-content\/uploads\/2025\/02\/shoe-300x193.png\" class=\"attachment-medium size-medium wp-image-6712\" alt=\"\" srcset=\"https:\/\/www.espontaneo.pt\/wp-content\/uploads\/2025\/02\/shoe-300x193.png 300w, https:\/\/www.espontaneo.pt\/wp-content\/uploads\/2025\/02\/shoe.png 575w\" sizes=\"(max-width: 300px) 100vw, 300px\" \/>\t\t\t\t\t\t\t\t\t\t\t\t\t\t\t<\/div>\n\t\t\t\t<\/div>\n\t\t\t\t<div class=\"elementor-element elementor-element-f2f02b0 elementor-widget elementor-widget-spacer\" data-id=\"f2f02b0\" data-element_type=\"widget\" data-e-type=\"widget\" data-widget_type=\"spacer.default\">\n\t\t\t\t<div class=\"elementor-widget-container\">\n\t\t\t\t\t\t\t<div class=\"elementor-spacer\">\n\t\t\t<div class=\"elementor-spacer-inner\"><\/div>\n\t\t<\/div>\n\t\t\t\t\t\t<\/div>\n\t\t\t\t<\/div>\n\t\t\t\t<div class=\"elementor-element elementor-element-88c64f0 elementor-widget-divider--view-line elementor-widget elementor-widget-divider\" data-id=\"88c64f0\" data-element_type=\"widget\" data-e-type=\"widget\" data-widget_type=\"divider.default\">\n\t\t\t\t<div class=\"elementor-widget-container\">\n\t\t\t\t\t\t\t<div class=\"elementor-divider\">\n\t\t\t<span class=\"elementor-divider-separator\">\n\t\t\t\t\t\t<\/span>\n\t\t<\/div>\n\t\t\t\t\t\t<\/div>\n\t\t\t\t<\/div>\n\t\t\t\t<div class=\"elementor-element elementor-element-9f65a46 elementor-widget elementor-widget-image\" data-id=\"9f65a46\" data-element_type=\"widget\" data-e-type=\"widget\" data-widget_type=\"image.default\">\n\t\t\t\t<div class=\"elementor-widget-container\">\n\t\t\t\t\t\t\t\t\t\t\t\t\t\t\t\t<a href=\"https:\/\/www.facebook.com\/FORNO.espaco.cultural\">\n\t\t\t\t\t\t\t<img decoding=\"async\" width=\"150\" height=\"150\" src=\"https:\/\/www.espontaneo.pt\/wp-content\/uploads\/2024\/01\/8e471a8d7a08259e7be8eeddadb0f249-150x150.png\" class=\"attachment-thumbnail size-thumbnail wp-image-4955\" alt=\"\" srcset=\"https:\/\/www.espontaneo.pt\/wp-content\/uploads\/2024\/01\/8e471a8d7a08259e7be8eeddadb0f249-150x150.png 150w, https:\/\/www.espontaneo.pt\/wp-content\/uploads\/2024\/01\/8e471a8d7a08259e7be8eeddadb0f249.png 225w\" sizes=\"(max-width: 150px) 100vw, 150px\" \/>\t\t\t\t\t\t\t\t<\/a>\n\t\t\t\t\t\t\t\t\t\t\t\t\t\t\t<\/div>\n\t\t\t\t<\/div>\n\t\t\t\t<div class=\"elementor-element elementor-element-2ac0c6c elementor-widget elementor-widget-text-editor\" data-id=\"2ac0c6c\" data-element_type=\"widget\" data-e-type=\"widget\" data-widget_type=\"text-editor.default\">\n\t\t\t\t<div class=\"elementor-widget-container\">\n\t\t\t\t\t\t\t\t\t<p>FORNO -Espa\u00e7o Cultural<br \/><br \/>Avenida Pedro Nunes 9<br \/>Rio De Mouro<br \/>2635-317 Rio de Mouro<\/p>\t\t\t\t\t\t\t\t<\/div>\n\t\t\t\t<\/div>\n\t\t\t\t<div class=\"elementor-element elementor-element-32cd1df elementor-widget__width-initial elementor-widget-mobile__width-initial elementor-widget elementor-widget-google_maps\" data-id=\"32cd1df\" data-element_type=\"widget\" data-e-type=\"widget\" data-widget_type=\"google_maps.default\">\n\t\t\t\t<div class=\"elementor-widget-container\">\n\t\t\t\t\t\t\t<div class=\"elementor-custom-embed\">\n\t\t\t<iframe loading=\"lazy\"\n\t\t\t\t\tsrc=\"https:\/\/maps.google.com\/maps?q=forno%20espa%C3%A7o%20cultural&#038;t=m&#038;z=17&#038;output=embed&#038;iwloc=near\"\n\t\t\t\t\ttitle=\"forno espa\u00e7o cultural\"\n\t\t\t\t\taria-label=\"forno espa\u00e7o cultural\"\n\t\t\t><\/iframe>\n\t\t<\/div>\n\t\t\t\t\t\t<\/div>\n\t\t\t\t<\/div>\n\t\t\t\t<div class=\"elementor-element elementor-element-8ed6710 elementor-widget elementor-widget-spacer\" data-id=\"8ed6710\" data-element_type=\"widget\" data-e-type=\"widget\" data-widget_type=\"spacer.default\">\n\t\t\t\t<div class=\"elementor-widget-container\">\n\t\t\t\t\t\t\t<div class=\"elementor-spacer\">\n\t\t\t<div class=\"elementor-spacer-inner\"><\/div>\n\t\t<\/div>\n\t\t\t\t\t\t<\/div>\n\t\t\t\t<\/div>\n\t\t\t\t<div class=\"elementor-element elementor-element-bab3ea3 elementor-widget-divider--view-line elementor-widget elementor-widget-divider\" data-id=\"bab3ea3\" data-element_type=\"widget\" data-e-type=\"widget\" data-widget_type=\"divider.default\">\n\t\t\t\t<div class=\"elementor-widget-container\">\n\t\t\t\t\t\t\t<div class=\"elementor-divider\">\n\t\t\t<span class=\"elementor-divider-separator\">\n\t\t\t\t\t\t<\/span>\n\t\t<\/div>\n\t\t\t\t\t\t<\/div>\n\t\t\t\t<\/div>\n\t\t\t\t<div class=\"elementor-element elementor-element-f8e4d7d elementor-widget elementor-widget-spacer\" data-id=\"f8e4d7d\" data-element_type=\"widget\" data-e-type=\"widget\" data-widget_type=\"spacer.default\">\n\t\t\t\t<div class=\"elementor-widget-container\">\n\t\t\t\t\t\t\t<div class=\"elementor-spacer\">\n\t\t\t<div class=\"elementor-spacer-inner\"><\/div>\n\t\t<\/div>\n\t\t\t\t\t\t<\/div>\n\t\t\t\t<\/div>\n\t\t\t\t<div class=\"elementor-element elementor-element-26223ec7 elementor-shape-circle elementor-grid-4 e-grid-align-center elementor-widget elementor-widget-social-icons\" data-id=\"26223ec7\" data-element_type=\"widget\" data-e-type=\"widget\" data-widget_type=\"social-icons.default\">\n\t\t\t\t<div class=\"elementor-widget-container\">\n\t\t\t\t\t\t\t<div class=\"elementor-social-icons-wrapper elementor-grid\" role=\"list\">\n\t\t\t\t\t\t\t<span class=\"elementor-grid-item\" role=\"listitem\">\n\t\t\t\t\t<a class=\"elementor-icon elementor-social-icon elementor-social-icon-facebook elementor-animation-shrink elementor-repeater-item-ce78551\" href=\"https:\/\/www.facebook.com\/espontaneofestivalimpro\/\" target=\"_blank\">\n\t\t\t\t\t\t<span class=\"elementor-screen-only\">Facebook<\/span>\n\t\t\t\t\t\t<i aria-hidden=\"true\" class=\"fab fa-facebook\"><\/i>\t\t\t\t\t<\/a>\n\t\t\t\t<\/span>\n\t\t\t\t\t\t\t<span class=\"elementor-grid-item\" role=\"listitem\">\n\t\t\t\t\t<a class=\"elementor-icon elementor-social-icon elementor-social-icon-instagram elementor-animation-shrink elementor-repeater-item-36066a9\" href=\"https:\/\/www.instagram.com\/espontaneo_festimpro\/\" target=\"_blank\">\n\t\t\t\t\t\t<span class=\"elementor-screen-only\">Instagram<\/span>\n\t\t\t\t\t\t<i aria-hidden=\"true\" class=\"fab fa-instagram\"><\/i>\t\t\t\t\t<\/a>\n\t\t\t\t<\/span>\n\t\t\t\t\t\t\t<span class=\"elementor-grid-item\" role=\"listitem\">\n\t\t\t\t\t<a class=\"elementor-icon elementor-social-icon elementor-social-icon-youtube elementor-animation-shrink elementor-repeater-item-9e28351\" href=\"https:\/\/www.youtube.com\/channel\/UCemdIAHIdt8cFm5ayu3ImhA\" target=\"_blank\">\n\t\t\t\t\t\t<span class=\"elementor-screen-only\">Youtube<\/span>\n\t\t\t\t\t\t<i aria-hidden=\"true\" class=\"fab fa-youtube\"><\/i>\t\t\t\t\t<\/a>\n\t\t\t\t<\/span>\n\t\t\t\t\t\t\t<span class=\"elementor-grid-item\" role=\"listitem\">\n\t\t\t\t\t<a class=\"elementor-icon elementor-social-icon elementor-social-icon-twitter elementor-animation-shrink elementor-repeater-item-f30ba73\" href=\"https:\/\/twitter.com\/instantaneos_\" target=\"_blank\">\n\t\t\t\t\t\t<span class=\"elementor-screen-only\">Twitter<\/span>\n\t\t\t\t\t\t<i aria-hidden=\"true\" class=\"fab fa-twitter\"><\/i>\t\t\t\t\t<\/a>\n\t\t\t\t<\/span>\n\t\t\t\t\t<\/div>\n\t\t\t\t\t\t<\/div>\n\t\t\t\t<\/div>\n\t\t\t\t<div class=\"elementor-element elementor-element-387b6d2f elementor-widget elementor-widget-spacer\" data-id=\"387b6d2f\" data-element_type=\"widget\" data-e-type=\"widget\" data-widget_type=\"spacer.default\">\n\t\t\t\t<div class=\"elementor-widget-container\">\n\t\t\t\t\t\t\t<div class=\"elementor-spacer\">\n\t\t\t<div class=\"elementor-spacer-inner\"><\/div>\n\t\t<\/div>\n\t\t\t\t\t\t<\/div>\n\t\t\t\t<\/div>\n\t\t\t\t<div class=\"elementor-element elementor-element-7aeaa2e7 elementor-widget elementor-widget-text-editor\" data-id=\"7aeaa2e7\" data-element_type=\"widget\" data-e-type=\"widget\" data-widget_type=\"text-editor.default\">\n\t\t\t\t<div class=\"elementor-widget-container\">\n\t\t\t\t\t\t\t\t\t<p><b>Telem\u00f3vel:<\/b>\u00a0+351 938 598\u00a0247<br \/><b>Info\/Inscri\u00e7\u00f5es:<\/b>\u00a0geral@instantaneos.pt<br \/><b>Assessoria de Imprensa:<\/b>\u00a0producao@instantaneos.pt<\/p>\t\t\t\t\t\t\t\t<\/div>\n\t\t\t\t<\/div>\n\t\t\t\t<div class=\"elementor-element elementor-element-5d9dd2b7 elementor-widget elementor-widget-spacer\" data-id=\"5d9dd2b7\" data-element_type=\"widget\" data-e-type=\"widget\" data-widget_type=\"spacer.default\">\n\t\t\t\t<div class=\"elementor-widget-container\">\n\t\t\t\t\t\t\t<div class=\"elementor-spacer\">\n\t\t\t<div class=\"elementor-spacer-inner\"><\/div>\n\t\t<\/div>\n\t\t\t\t\t\t<\/div>\n\t\t\t\t<\/div>\n\t\t\t\t<div class=\"elementor-element elementor-element-59b7ebe6 elementor-widget elementor-widget-text-editor\" data-id=\"59b7ebe6\" data-element_type=\"widget\" data-e-type=\"widget\" data-widget_type=\"text-editor.default\">\n\t\t\t\t<div class=\"elementor-widget-container\">\n\t\t\t\t\t\t\t\t\t<p>\u00a9 Festival Internacional de Teatro de Improviso.\u00a0<\/p>\t\t\t\t\t\t\t\t<\/div>\n\t\t\t\t<\/div>\n\t\t\t\t\t<\/div>\n\t\t<\/div>\n\t\t\t\t\t<\/div>\n\t\t<\/section>\n\t\t\t\t<\/div>\n\t\t","protected":false},"excerpt":{"rendered":"<p>Quando as luzes do palco se apagam, a festa continua no Espont\u00e2neo Late Night \u2013 o after party oficial do festival, onde o improviso e a descontra\u00e7\u00e3o se encontram num ambiente acolhedor.Com um bar \u00e0 disposi\u00e7\u00e3o e um espa\u00e7o pensado para o conv\u00edvio entre artistas e p\u00fablico, esta \u00e9 a oportunidade perfeita para prolongar a&hellip;&nbsp;<a href=\"https:\/\/www.espontaneo.pt\/index.php\/late_night\/\" rel=\"bookmark\">Ler mais &raquo;<span class=\"screen-reader-text\">LATE NIGHT<\/span><\/a><\/p>\n","protected":false},"author":5,"featured_media":0,"parent":0,"menu_order":0,"comment_status":"closed","ping_status":"closed","template":"","meta":{"neve_meta_sidebar":"full-width","neve_meta_container":"","neve_meta_enable_content_width":"on","neve_meta_content_width":100,"neve_meta_title_alignment":"","neve_meta_author_avatar":"","neve_post_elements_order":"","neve_meta_disable_header":"","neve_meta_disable_footer":"","neve_meta_disable_title":"","footnotes":""},"class_list":["post-3880","page","type-page","status-publish","hentry"],"yoast_head":"<!-- This site is optimized with the Yoast SEO plugin v27.2 - https:\/\/yoast.com\/product\/yoast-seo-wordpress\/ -->\n<title>LATE NIGHT ESPONT\u00c2NEO<\/title>\n<meta name=\"robots\" content=\"index, follow, max-snippet:-1, max-image-preview:large, max-video-preview:-1\" \/>\n<link rel=\"canonical\" href=\"https:\/\/www.espontaneo.pt\/index.php\/late_night\/\" \/>\n<meta property=\"og:locale\" content=\"pt_PT\" \/>\n<meta property=\"og:type\" content=\"article\" \/>\n<meta property=\"og:title\" content=\"LATE NIGHT ESPONT\u00c2NEO\" \/>\n<meta property=\"og:description\" content=\"Quando as luzes do palco se apagam, a festa continua no Espont\u00e2neo Late Night \u2013 o after party oficial do festival, onde o improviso e a descontra\u00e7\u00e3o se encontram num ambiente acolhedor.Com um bar \u00e0 disposi\u00e7\u00e3o e um espa\u00e7o pensado para o conv\u00edvio entre artistas e p\u00fablico, esta \u00e9 a oportunidade perfeita para prolongar a&hellip;&nbsp;Ler mais &raquo;LATE NIGHT\" \/>\n<meta property=\"og:url\" content=\"https:\/\/www.espontaneo.pt\/index.php\/late_night\/\" \/>\n<meta property=\"og:site_name\" content=\"ESPONT\u00c2NEO\" \/>\n<meta property=\"article:modified_time\" content=\"2025-02-05T01:35:02+00:00\" \/>\n<meta property=\"og:image\" content=\"https:\/\/www.espontaneo.pt\/wp-content\/uploads\/2025\/02\/TITLE-LATE-NIGHT-300x239.png\" \/>\n<meta name=\"twitter:card\" content=\"summary_large_image\" \/>\n<meta name=\"twitter:label1\" content=\"Tempo estimado de leitura\" \/>\n\t<meta name=\"twitter:data1\" content=\"2 minutos\" \/>\n<script type=\"application\/ld+json\" class=\"yoast-schema-graph\">{\"@context\":\"https:\/\/schema.org\",\"@graph\":[{\"@type\":\"WebPage\",\"@id\":\"https:\/\/www.espontaneo.pt\/index.php\/late_night\/\",\"url\":\"https:\/\/www.espontaneo.pt\/index.php\/late_night\/\",\"name\":\"LATE NIGHT ESPONT\u00c2NEO\",\"isPartOf\":{\"@id\":\"https:\/\/www.espontaneo.pt\/#website\"},\"primaryImageOfPage\":{\"@id\":\"https:\/\/www.espontaneo.pt\/index.php\/late_night\/#primaryimage\"},\"image\":{\"@id\":\"https:\/\/www.espontaneo.pt\/index.php\/late_night\/#primaryimage\"},\"thumbnailUrl\":\"https:\/\/www.espontaneo.pt\/wp-content\/uploads\/2025\/02\/TITLE-LATE-NIGHT-300x239.png\",\"datePublished\":\"2024-01-13T04:00:56+00:00\",\"dateModified\":\"2025-02-05T01:35:02+00:00\",\"breadcrumb\":{\"@id\":\"https:\/\/www.espontaneo.pt\/index.php\/late_night\/#breadcrumb\"},\"inLanguage\":\"pt-PT\",\"potentialAction\":[{\"@type\":\"ReadAction\",\"target\":[\"https:\/\/www.espontaneo.pt\/index.php\/late_night\/\"]}]},{\"@type\":\"ImageObject\",\"inLanguage\":\"pt-PT\",\"@id\":\"https:\/\/www.espontaneo.pt\/index.php\/late_night\/#primaryimage\",\"url\":\"https:\/\/www.espontaneo.pt\/wp-content\/uploads\/2025\/02\/TITLE-LATE-NIGHT.png\",\"contentUrl\":\"https:\/\/www.espontaneo.pt\/wp-content\/uploads\/2025\/02\/TITLE-LATE-NIGHT.png\",\"width\":895,\"height\":714},{\"@type\":\"BreadcrumbList\",\"@id\":\"https:\/\/www.espontaneo.pt\/index.php\/late_night\/#breadcrumb\",\"itemListElement\":[{\"@type\":\"ListItem\",\"position\":1,\"name\":\"Home\",\"item\":\"https:\/\/www.espontaneo.pt\/\"},{\"@type\":\"ListItem\",\"position\":2,\"name\":\"LATE NIGHT\"}]},{\"@type\":\"WebSite\",\"@id\":\"https:\/\/www.espontaneo.pt\/#website\",\"url\":\"https:\/\/www.espontaneo.pt\/\",\"name\":\"ESPONT\u00c2NEO\",\"description\":\"Festival Internacional de Teatro de Improviso\",\"publisher\":{\"@id\":\"https:\/\/www.espontaneo.pt\/#organization\"},\"potentialAction\":[{\"@type\":\"SearchAction\",\"target\":{\"@type\":\"EntryPoint\",\"urlTemplate\":\"https:\/\/www.espontaneo.pt\/?s={search_term_string}\"},\"query-input\":{\"@type\":\"PropertyValueSpecification\",\"valueRequired\":true,\"valueName\":\"search_term_string\"}}],\"inLanguage\":\"pt-PT\"},{\"@type\":\"Organization\",\"@id\":\"https:\/\/www.espontaneo.pt\/#organization\",\"name\":\"ESPONT\u00c2NEO\",\"url\":\"https:\/\/www.espontaneo.pt\/\",\"logo\":{\"@type\":\"ImageObject\",\"inLanguage\":\"pt-PT\",\"@id\":\"https:\/\/www.espontaneo.pt\/#\/schema\/logo\/image\/\",\"url\":\"https:\/\/www.espontaneo.pt\/wp-content\/uploads\/2024\/01\/espontaneo-2024.png\",\"contentUrl\":\"https:\/\/www.espontaneo.pt\/wp-content\/uploads\/2024\/01\/espontaneo-2024.png\",\"width\":690,\"height\":648,\"caption\":\"ESPONT\u00c2NEO\"},\"image\":{\"@id\":\"https:\/\/www.espontaneo.pt\/#\/schema\/logo\/image\/\"}}]}<\/script>\n<!-- \/ Yoast SEO plugin. -->","yoast_head_json":{"title":"LATE NIGHT ESPONT\u00c2NEO","robots":{"index":"index","follow":"follow","max-snippet":"max-snippet:-1","max-image-preview":"max-image-preview:large","max-video-preview":"max-video-preview:-1"},"canonical":"https:\/\/www.espontaneo.pt\/index.php\/late_night\/","og_locale":"pt_PT","og_type":"article","og_title":"LATE NIGHT ESPONT\u00c2NEO","og_description":"Quando as luzes do palco se apagam, a festa continua no Espont\u00e2neo Late Night \u2013 o after party oficial do festival, onde o improviso e a descontra\u00e7\u00e3o se encontram num ambiente acolhedor.Com um bar \u00e0 disposi\u00e7\u00e3o e um espa\u00e7o pensado para o conv\u00edvio entre artistas e p\u00fablico, esta \u00e9 a oportunidade perfeita para prolongar a&hellip;&nbsp;Ler mais &raquo;LATE NIGHT","og_url":"https:\/\/www.espontaneo.pt\/index.php\/late_night\/","og_site_name":"ESPONT\u00c2NEO","article_modified_time":"2025-02-05T01:35:02+00:00","og_image":[{"url":"https:\/\/www.espontaneo.pt\/wp-content\/uploads\/2025\/02\/TITLE-LATE-NIGHT-300x239.png","type":"","width":"","height":""}],"twitter_card":"summary_large_image","twitter_misc":{"Tempo estimado de leitura":"2 minutos"},"schema":{"@context":"https:\/\/schema.org","@graph":[{"@type":"WebPage","@id":"https:\/\/www.espontaneo.pt\/index.php\/late_night\/","url":"https:\/\/www.espontaneo.pt\/index.php\/late_night\/","name":"LATE NIGHT ESPONT\u00c2NEO","isPartOf":{"@id":"https:\/\/www.espontaneo.pt\/#website"},"primaryImageOfPage":{"@id":"https:\/\/www.espontaneo.pt\/index.php\/late_night\/#primaryimage"},"image":{"@id":"https:\/\/www.espontaneo.pt\/index.php\/late_night\/#primaryimage"},"thumbnailUrl":"https:\/\/www.espontaneo.pt\/wp-content\/uploads\/2025\/02\/TITLE-LATE-NIGHT-300x239.png","datePublished":"2024-01-13T04:00:56+00:00","dateModified":"2025-02-05T01:35:02+00:00","breadcrumb":{"@id":"https:\/\/www.espontaneo.pt\/index.php\/late_night\/#breadcrumb"},"inLanguage":"pt-PT","potentialAction":[{"@type":"ReadAction","target":["https:\/\/www.espontaneo.pt\/index.php\/late_night\/"]}]},{"@type":"ImageObject","inLanguage":"pt-PT","@id":"https:\/\/www.espontaneo.pt\/index.php\/late_night\/#primaryimage","url":"https:\/\/www.espontaneo.pt\/wp-content\/uploads\/2025\/02\/TITLE-LATE-NIGHT.png","contentUrl":"https:\/\/www.espontaneo.pt\/wp-content\/uploads\/2025\/02\/TITLE-LATE-NIGHT.png","width":895,"height":714},{"@type":"BreadcrumbList","@id":"https:\/\/www.espontaneo.pt\/index.php\/late_night\/#breadcrumb","itemListElement":[{"@type":"ListItem","position":1,"name":"Home","item":"https:\/\/www.espontaneo.pt\/"},{"@type":"ListItem","position":2,"name":"LATE NIGHT"}]},{"@type":"WebSite","@id":"https:\/\/www.espontaneo.pt\/#website","url":"https:\/\/www.espontaneo.pt\/","name":"ESPONT\u00c2NEO","description":"Festival Internacional de Teatro de Improviso","publisher":{"@id":"https:\/\/www.espontaneo.pt\/#organization"},"potentialAction":[{"@type":"SearchAction","target":{"@type":"EntryPoint","urlTemplate":"https:\/\/www.espontaneo.pt\/?s={search_term_string}"},"query-input":{"@type":"PropertyValueSpecification","valueRequired":true,"valueName":"search_term_string"}}],"inLanguage":"pt-PT"},{"@type":"Organization","@id":"https:\/\/www.espontaneo.pt\/#organization","name":"ESPONT\u00c2NEO","url":"https:\/\/www.espontaneo.pt\/","logo":{"@type":"ImageObject","inLanguage":"pt-PT","@id":"https:\/\/www.espontaneo.pt\/#\/schema\/logo\/image\/","url":"https:\/\/www.espontaneo.pt\/wp-content\/uploads\/2024\/01\/espontaneo-2024.png","contentUrl":"https:\/\/www.espontaneo.pt\/wp-content\/uploads\/2024\/01\/espontaneo-2024.png","width":690,"height":648,"caption":"ESPONT\u00c2NEO"},"image":{"@id":"https:\/\/www.espontaneo.pt\/#\/schema\/logo\/image\/"}}]}},"_links":{"self":[{"href":"https:\/\/www.espontaneo.pt\/index.php\/wp-json\/wp\/v2\/pages\/3880","targetHints":{"allow":["GET"]}}],"collection":[{"href":"https:\/\/www.espontaneo.pt\/index.php\/wp-json\/wp\/v2\/pages"}],"about":[{"href":"https:\/\/www.espontaneo.pt\/index.php\/wp-json\/wp\/v2\/types\/page"}],"author":[{"embeddable":true,"href":"https:\/\/www.espontaneo.pt\/index.php\/wp-json\/wp\/v2\/users\/5"}],"replies":[{"embeddable":true,"href":"https:\/\/www.espontaneo.pt\/index.php\/wp-json\/wp\/v2\/comments?post=3880"}],"version-history":[{"count":0,"href":"https:\/\/www.espontaneo.pt\/index.php\/wp-json\/wp\/v2\/pages\/3880\/revisions"}],"wp:attachment":[{"href":"https:\/\/www.espontaneo.pt\/index.php\/wp-json\/wp\/v2\/media?parent=3880"}],"curies":[{"name":"wp","href":"https:\/\/api.w.org\/{rel}","templated":true}]}}