{"id":3009,"date":"2022-03-26T02:57:46","date_gmt":"2022-03-26T02:57:46","guid":{"rendered":"https:\/\/www.espontaneo.pt\/?page_id=3009"},"modified":"2025-02-05T17:40:49","modified_gmt":"2025-02-05T17:40:49","slug":"workshops","status":"publish","type":"page","link":"https:\/\/www.espontaneo.pt\/index.php\/workshops\/","title":{"rendered":"WORKSHOPS"},"content":{"rendered":"\t\t<div data-elementor-type=\"wp-page\" data-elementor-id=\"3009\" class=\"elementor elementor-3009\" data-elementor-post-type=\"page\">\n\t\t\t\t\t\t<section class=\"elementor-section elementor-top-section elementor-element elementor-element-528f6ad8 elementor-section-height-min-height elementor-section-full_width elementor-section-stretched elementor-section-height-default elementor-section-items-middle\" data-id=\"528f6ad8\" data-element_type=\"section\" data-e-type=\"section\" data-settings=\"{&quot;background_background&quot;:&quot;gradient&quot;,&quot;stretch_section&quot;:&quot;section-stretched&quot;}\">\n\t\t\t\t\t\t<div class=\"elementor-container elementor-column-gap-default\">\n\t\t\t\t\t<div class=\"elementor-column elementor-col-100 elementor-top-column elementor-element elementor-element-1b855acb\" data-id=\"1b855acb\" data-element_type=\"column\" data-e-type=\"column\" data-settings=\"{&quot;background_background&quot;:&quot;classic&quot;}\">\n\t\t\t<div class=\"elementor-widget-wrap elementor-element-populated\">\n\t\t\t\t\t\t<div class=\"elementor-element elementor-element-67b3698 elementor-widget-divider--view-line elementor-widget elementor-widget-divider\" data-id=\"67b3698\" data-element_type=\"widget\" data-e-type=\"widget\" data-widget_type=\"divider.default\">\n\t\t\t\t<div class=\"elementor-widget-container\">\n\t\t\t\t\t\t\t<div class=\"elementor-divider\">\n\t\t\t<span class=\"elementor-divider-separator\">\n\t\t\t\t\t\t<\/span>\n\t\t<\/div>\n\t\t\t\t\t\t<\/div>\n\t\t\t\t<\/div>\n\t\t\t\t<div class=\"elementor-element elementor-element-5c31fb9 elementor-invisible elementor-widget elementor-widget-image\" data-id=\"5c31fb9\" data-element_type=\"widget\" data-e-type=\"widget\" data-settings=\"{&quot;_animation&quot;:&quot;fadeInUp&quot;}\" data-widget_type=\"image.default\">\n\t\t\t\t<div class=\"elementor-widget-container\">\n\t\t\t\t\t\t\t\t\t\t\t\t\t\t\t<img fetchpriority=\"high\" decoding=\"async\" width=\"629\" height=\"294\" src=\"https:\/\/www.espontaneo.pt\/wp-content\/uploads\/2025\/02\/TITLE-WS.png\" class=\"attachment-large size-large wp-image-6796\" alt=\"\" srcset=\"https:\/\/www.espontaneo.pt\/wp-content\/uploads\/2025\/02\/TITLE-WS.png 629w, https:\/\/www.espontaneo.pt\/wp-content\/uploads\/2025\/02\/TITLE-WS-300x140.png 300w\" sizes=\"(max-width: 629px) 100vw, 629px\" \/>\t\t\t\t\t\t\t\t\t\t\t\t\t\t\t<\/div>\n\t\t\t\t<\/div>\n\t\t\t\t<div class=\"elementor-element elementor-element-9830c6b elementor-widget-divider--view-line elementor-widget elementor-widget-divider\" data-id=\"9830c6b\" data-element_type=\"widget\" data-e-type=\"widget\" data-widget_type=\"divider.default\">\n\t\t\t\t<div class=\"elementor-widget-container\">\n\t\t\t\t\t\t\t<div class=\"elementor-divider\">\n\t\t\t<span class=\"elementor-divider-separator\">\n\t\t\t\t\t\t<\/span>\n\t\t<\/div>\n\t\t\t\t\t\t<\/div>\n\t\t\t\t<\/div>\n\t\t\t\t<section class=\"elementor-section elementor-inner-section elementor-element elementor-element-cd0e6fe elementor-section-boxed elementor-section-height-default elementor-section-height-default\" data-id=\"cd0e6fe\" data-element_type=\"section\" data-e-type=\"section\">\n\t\t\t\t\t\t<div class=\"elementor-container elementor-column-gap-default\">\n\t\t\t\t\t<div class=\"elementor-column elementor-col-50 elementor-inner-column elementor-element elementor-element-e236b9e\" data-id=\"e236b9e\" data-element_type=\"column\" data-e-type=\"column\">\n\t\t\t<div class=\"elementor-widget-wrap elementor-element-populated\">\n\t\t\t\t\t\t<div class=\"elementor-element elementor-element-4f65da2 elementor-invisible elementor-widget elementor-widget-image\" data-id=\"4f65da2\" data-element_type=\"widget\" data-e-type=\"widget\" data-settings=\"{&quot;_animation&quot;:&quot;fadeInLeft&quot;}\" data-widget_type=\"image.default\">\n\t\t\t\t<div class=\"elementor-widget-container\">\n\t\t\t\t\t\t\t\t\t\t\t\t\t\t\t<img decoding=\"async\" width=\"769\" height=\"1024\" src=\"https:\/\/www.espontaneo.pt\/wp-content\/uploads\/2025\/02\/WSLEE-769x1024.png\" class=\"attachment-large size-large wp-image-6798\" alt=\"\" srcset=\"https:\/\/www.espontaneo.pt\/wp-content\/uploads\/2025\/02\/WSLEE-769x1024.png 769w, https:\/\/www.espontaneo.pt\/wp-content\/uploads\/2025\/02\/WSLEE-225x300.png 225w, https:\/\/www.espontaneo.pt\/wp-content\/uploads\/2025\/02\/WSLEE-768x1023.png 768w, https:\/\/www.espontaneo.pt\/wp-content\/uploads\/2025\/02\/WSLEE.png 933w\" sizes=\"(max-width: 769px) 100vw, 769px\" \/>\t\t\t\t\t\t\t\t\t\t\t\t\t\t\t<\/div>\n\t\t\t\t<\/div>\n\t\t\t\t\t<\/div>\n\t\t<\/div>\n\t\t\t\t<div class=\"elementor-column elementor-col-50 elementor-inner-column elementor-element elementor-element-dbc227e\" data-id=\"dbc227e\" data-element_type=\"column\" data-e-type=\"column\">\n\t\t\t<div class=\"elementor-widget-wrap elementor-element-populated\">\n\t\t\t\t\t\t<div class=\"elementor-element elementor-element-fe0b670 elementor-invisible elementor-widget elementor-widget-text-editor\" data-id=\"fe0b670\" data-element_type=\"widget\" data-e-type=\"widget\" data-settings=\"{&quot;_animation&quot;:&quot;fadeInRight&quot;}\" data-widget_type=\"text-editor.default\">\n\t\t\t\t<div class=\"elementor-widget-container\">\n\t\t\t\t\t\t\t\t\t<h2 class=\"x1heor9g x1qlqyl8 x1pd3egz x1a2a7pz\" tabindex=\"-1\">THE STORY TELLS ITSELF<\/h2><h5 class=\"x1heor9g x1qlqyl8 x1pd3egz x1a2a7pz\" tabindex=\"-1\">Leccionado por: Lee White<br \/><strong><br \/>Quando:<\/strong> 01 de mar\u00e7o<br \/><strong>Onde:<\/strong> Centro Cultural Olga Cadaval<br \/><strong>Hor\u00e1rio:<\/strong> 14h-17h<\/h5><p><strong>Valor: 30\u20ac<br \/><\/strong><\/p><p><strong>Muitas vezes, enquanto contadores de hist\u00f3rias, n\u00e3o reconhecemos como os personagens que interpretamos j\u00e1 t\u00eam uma hist\u00f3ria<\/strong> <strong>incorporada neles.<br \/><\/strong>Mas isso s\u00f3 se torna claro se soubermos o que procurar.<br \/>Os improvisadores for\u00e7am a hist\u00f3ria nas cenas, sem perceber que o personagem que criamos j\u00e1 tem um caminho a seguir, uma jornada a percorrer e um destino a cumprir. Este workshop ir\u00e1 focar-se na cria\u00e7\u00e3o de personagens para nos ajudar a ver a hist\u00f3ria personagem, atribuindo especial \u00eanfase \u00e0s rela\u00e7\u00f5es tornando-as o ponto central da narrativa. Procurar as pistas que criamos no in\u00edcio das cenas para que se revelem no final.<br \/>N\u00e3o \u00e9 t\u00e3o dif\u00edcil contar uma hist\u00f3ria como os improvisadores muitas vezes pensam.<\/p><p><strong>Workshop leccionado em ingl\u00eas<\/strong><\/p><h4>Inscri\u00e7\u00f5es <span style=\"text-decoration: underline;\"><a href=\"https:\/\/www.espontaneo.pt\/index.php\/espontaneo_inscricoes\/\">aqui<\/a><\/span><\/h4>\t\t\t\t\t\t\t\t<\/div>\n\t\t\t\t<\/div>\n\t\t\t\t\t<\/div>\n\t\t<\/div>\n\t\t\t\t\t<\/div>\n\t\t<\/section>\n\t\t\t\t<div class=\"elementor-element elementor-element-874b0cd elementor-widget-divider--view-line elementor-widget elementor-widget-divider\" data-id=\"874b0cd\" data-element_type=\"widget\" data-e-type=\"widget\" data-widget_type=\"divider.default\">\n\t\t\t\t<div class=\"elementor-widget-container\">\n\t\t\t\t\t\t\t<div class=\"elementor-divider\">\n\t\t\t<span class=\"elementor-divider-separator\">\n\t\t\t\t\t\t<\/span>\n\t\t<\/div>\n\t\t\t\t\t\t<\/div>\n\t\t\t\t<\/div>\n\t\t\t\t<section class=\"elementor-section elementor-inner-section elementor-element elementor-element-374b754 elementor-section-boxed elementor-section-height-default elementor-section-height-default\" data-id=\"374b754\" data-element_type=\"section\" data-e-type=\"section\">\n\t\t\t\t\t\t<div class=\"elementor-container elementor-column-gap-default\">\n\t\t\t\t\t<div class=\"elementor-column elementor-col-50 elementor-inner-column elementor-element elementor-element-63a3024\" data-id=\"63a3024\" data-element_type=\"column\" data-e-type=\"column\">\n\t\t\t<div class=\"elementor-widget-wrap elementor-element-populated\">\n\t\t\t\t\t\t<div class=\"elementor-element elementor-element-d99c684 elementor-invisible elementor-widget elementor-widget-image\" data-id=\"d99c684\" data-element_type=\"widget\" data-e-type=\"widget\" data-settings=\"{&quot;_animation&quot;:&quot;fadeInLeft&quot;}\" data-widget_type=\"image.default\">\n\t\t\t\t<div class=\"elementor-widget-container\">\n\t\t\t\t\t\t\t\t\t\t\t\t\t\t\t<img decoding=\"async\" width=\"745\" height=\"1024\" src=\"https:\/\/www.espontaneo.pt\/wp-content\/uploads\/2025\/02\/WSISA-745x1024.png\" class=\"attachment-large size-large wp-image-6871\" alt=\"\" srcset=\"https:\/\/www.espontaneo.pt\/wp-content\/uploads\/2025\/02\/WSISA-745x1024.png 745w, https:\/\/www.espontaneo.pt\/wp-content\/uploads\/2025\/02\/WSISA-218x300.png 218w, https:\/\/www.espontaneo.pt\/wp-content\/uploads\/2025\/02\/WSISA-768x1056.png 768w, https:\/\/www.espontaneo.pt\/wp-content\/uploads\/2025\/02\/WSISA-1117x1536.png 1117w, https:\/\/www.espontaneo.pt\/wp-content\/uploads\/2025\/02\/WSISA.png 1133w\" sizes=\"(max-width: 745px) 100vw, 745px\" \/>\t\t\t\t\t\t\t\t\t\t\t\t\t\t\t<\/div>\n\t\t\t\t<\/div>\n\t\t\t\t\t<\/div>\n\t\t<\/div>\n\t\t\t\t<div class=\"elementor-column elementor-col-50 elementor-inner-column elementor-element elementor-element-cf31313\" data-id=\"cf31313\" data-element_type=\"column\" data-e-type=\"column\">\n\t\t\t<div class=\"elementor-widget-wrap elementor-element-populated\">\n\t\t\t\t\t\t<div class=\"elementor-element elementor-element-4633e68 elementor-invisible elementor-widget elementor-widget-text-editor\" data-id=\"4633e68\" data-element_type=\"widget\" data-e-type=\"widget\" data-settings=\"{&quot;_animation&quot;:&quot;fadeInRight&quot;}\" data-widget_type=\"text-editor.default\">\n\t\t\t\t<div class=\"elementor-widget-container\">\n\t\t\t\t\t\t\t\t\t<h2 class=\"x1heor9g x1qlqyl8 x1pd3egz x1a2a7pz\" tabindex=\"-1\">IMPROVISED A CAPPELLA MUSICAL<\/h2><h5 class=\"x1heor9g x1qlqyl8 x1pd3egz x1a2a7pz\" tabindex=\"-1\">Leccionado por: Lisa Lynn<br \/><strong><br \/>Quando:<\/strong> 02 de mar\u00e7o<br \/><strong>Onde:<\/strong> Centro Cultural Olga Cadaval<br \/><strong>Hor\u00e1rio:<\/strong> 14h-17h<\/h5><p><strong>Valor: 30\u20ac<br \/><\/strong><\/p><p><strong>J\u00e1 experimentaste improvisar musicais \u2013 agora tenta improvis\u00e1-los completamente a cappella!<\/strong><\/p><p>Neste workshop de iniciantes de <strong>a cappella<\/strong>, vais aprender como ser a m\u00fasica por tr\u00e1s da letra; como sublinhar qualquer cena; e como levar a tua improvisa\u00e7\u00e3o musical para o pr\u00f3ximo n\u00edvel (mesmo durante um corte de energia!).<br \/>Trabalha o teu <strong>beat-boxing, percuss\u00e3o corporal, rap, dan\u00e7a, dire\u00e7\u00e3o e canto<\/strong>; junta esses elementos \u00e0 tua experi\u00eancia de improvisa\u00e7\u00e3o e atua\u00e7\u00e3o \u2013 e ter\u00e1s os <strong>8 pilares do Acaprov: O Musical Improvisado A Cappella<\/strong>.<br \/>N\u00e3o te preocupes, a afina\u00e7\u00e3o n\u00e3o \u00e9 essencial, pois quem n\u00e3o canta pode falar-cantar, rapar e fazer percuss\u00e3o, explorando os seus pontos fortes durante o workshop. \u00c9 um espa\u00e7o seguro.<br \/>Acima de tudo, improvisar a m\u00fasica assim como a letra \u00e9 sempre um desafio<strong> divertido.<br \/><\/strong><br \/><strong>Workshop leccionado em ingl\u00eas<br \/><\/strong><\/p><h4>Inscri\u00e7\u00f5es <span style=\"text-decoration: underline;\"><a href=\"https:\/\/www.espontaneo.pt\/index.php\/espontaneo_inscricoes\/\">aqui<\/a><\/span><\/h4><p><strong>\u00a0<\/strong><\/p><p><strong>\u00a0<\/strong><\/p>\t\t\t\t\t\t\t\t<\/div>\n\t\t\t\t<\/div>\n\t\t\t\t\t<\/div>\n\t\t<\/div>\n\t\t\t\t\t<\/div>\n\t\t<\/section>\n\t\t\t\t<div class=\"elementor-element elementor-element-867f36d elementor-widget-divider--view-line elementor-widget elementor-widget-divider\" data-id=\"867f36d\" data-element_type=\"widget\" data-e-type=\"widget\" data-widget_type=\"divider.default\">\n\t\t\t\t<div class=\"elementor-widget-container\">\n\t\t\t\t\t\t\t<div class=\"elementor-divider\">\n\t\t\t<span class=\"elementor-divider-separator\">\n\t\t\t\t\t\t<\/span>\n\t\t<\/div>\n\t\t\t\t\t\t<\/div>\n\t\t\t\t<\/div>\n\t\t\t\t<div class=\"elementor-element elementor-element-5547a96 elementor-widget elementor-widget-spacer\" data-id=\"5547a96\" data-element_type=\"widget\" data-e-type=\"widget\" data-widget_type=\"spacer.default\">\n\t\t\t\t<div class=\"elementor-widget-container\">\n\t\t\t\t\t\t\t<div class=\"elementor-spacer\">\n\t\t\t<div class=\"elementor-spacer-inner\"><\/div>\n\t\t<\/div>\n\t\t\t\t\t\t<\/div>\n\t\t\t\t<\/div>\n\t\t\t\t<div class=\"elementor-element elementor-element-26223ec7 elementor-shape-circle elementor-grid-4 e-grid-align-center elementor-widget elementor-widget-social-icons\" data-id=\"26223ec7\" data-element_type=\"widget\" data-e-type=\"widget\" data-widget_type=\"social-icons.default\">\n\t\t\t\t<div class=\"elementor-widget-container\">\n\t\t\t\t\t\t\t<div class=\"elementor-social-icons-wrapper elementor-grid\" role=\"list\">\n\t\t\t\t\t\t\t<span class=\"elementor-grid-item\" role=\"listitem\">\n\t\t\t\t\t<a class=\"elementor-icon elementor-social-icon elementor-social-icon-facebook elementor-animation-shrink elementor-repeater-item-ce78551\" href=\"https:\/\/www.facebook.com\/espontaneofestivalimpro\/\" target=\"_blank\">\n\t\t\t\t\t\t<span class=\"elementor-screen-only\">Facebook<\/span>\n\t\t\t\t\t\t<i aria-hidden=\"true\" class=\"fab fa-facebook\"><\/i>\t\t\t\t\t<\/a>\n\t\t\t\t<\/span>\n\t\t\t\t\t\t\t<span class=\"elementor-grid-item\" role=\"listitem\">\n\t\t\t\t\t<a class=\"elementor-icon elementor-social-icon elementor-social-icon-instagram elementor-animation-shrink elementor-repeater-item-36066a9\" href=\"https:\/\/www.instagram.com\/espontaneo_festimpro\/\" target=\"_blank\">\n\t\t\t\t\t\t<span class=\"elementor-screen-only\">Instagram<\/span>\n\t\t\t\t\t\t<i aria-hidden=\"true\" class=\"fab fa-instagram\"><\/i>\t\t\t\t\t<\/a>\n\t\t\t\t<\/span>\n\t\t\t\t\t\t\t<span class=\"elementor-grid-item\" role=\"listitem\">\n\t\t\t\t\t<a class=\"elementor-icon elementor-social-icon elementor-social-icon-youtube elementor-animation-shrink elementor-repeater-item-9e28351\" href=\"https:\/\/www.youtube.com\/channel\/UCemdIAHIdt8cFm5ayu3ImhA\" target=\"_blank\">\n\t\t\t\t\t\t<span class=\"elementor-screen-only\">Youtube<\/span>\n\t\t\t\t\t\t<i aria-hidden=\"true\" class=\"fab fa-youtube\"><\/i>\t\t\t\t\t<\/a>\n\t\t\t\t<\/span>\n\t\t\t\t\t\t\t<span class=\"elementor-grid-item\" role=\"listitem\">\n\t\t\t\t\t<a class=\"elementor-icon elementor-social-icon elementor-social-icon-twitter elementor-animation-shrink elementor-repeater-item-f30ba73\" href=\"https:\/\/twitter.com\/instantaneos_\" target=\"_blank\">\n\t\t\t\t\t\t<span class=\"elementor-screen-only\">Twitter<\/span>\n\t\t\t\t\t\t<i aria-hidden=\"true\" class=\"fab fa-twitter\"><\/i>\t\t\t\t\t<\/a>\n\t\t\t\t<\/span>\n\t\t\t\t\t<\/div>\n\t\t\t\t\t\t<\/div>\n\t\t\t\t<\/div>\n\t\t\t\t<div class=\"elementor-element elementor-element-387b6d2f elementor-widget elementor-widget-spacer\" data-id=\"387b6d2f\" data-element_type=\"widget\" data-e-type=\"widget\" data-widget_type=\"spacer.default\">\n\t\t\t\t<div class=\"elementor-widget-container\">\n\t\t\t\t\t\t\t<div class=\"elementor-spacer\">\n\t\t\t<div class=\"elementor-spacer-inner\"><\/div>\n\t\t<\/div>\n\t\t\t\t\t\t<\/div>\n\t\t\t\t<\/div>\n\t\t\t\t<div class=\"elementor-element elementor-element-7aeaa2e7 elementor-widget elementor-widget-text-editor\" data-id=\"7aeaa2e7\" data-element_type=\"widget\" data-e-type=\"widget\" data-widget_type=\"text-editor.default\">\n\t\t\t\t<div class=\"elementor-widget-container\">\n\t\t\t\t\t\t\t\t\t<p><b>Telem\u00f3vel:<\/b> +351 938 598\u00a0247<br \/><b>Info\/Inscri\u00e7\u00f5es:<\/b> geral@instantaneos.pt<br \/><b>Assessoria de Imprensa:<\/b> producao@instantaneos.pt<\/p>\t\t\t\t\t\t\t\t<\/div>\n\t\t\t\t<\/div>\n\t\t\t\t<div class=\"elementor-element elementor-element-5d9dd2b7 elementor-widget elementor-widget-spacer\" data-id=\"5d9dd2b7\" data-element_type=\"widget\" data-e-type=\"widget\" data-widget_type=\"spacer.default\">\n\t\t\t\t<div class=\"elementor-widget-container\">\n\t\t\t\t\t\t\t<div class=\"elementor-spacer\">\n\t\t\t<div class=\"elementor-spacer-inner\"><\/div>\n\t\t<\/div>\n\t\t\t\t\t\t<\/div>\n\t\t\t\t<\/div>\n\t\t\t\t<div class=\"elementor-element elementor-element-59b7ebe6 elementor-widget elementor-widget-text-editor\" data-id=\"59b7ebe6\" data-element_type=\"widget\" data-e-type=\"widget\" data-widget_type=\"text-editor.default\">\n\t\t\t\t<div class=\"elementor-widget-container\">\n\t\t\t\t\t\t\t\t\t<p>\u00a9 Festival Internacional de Teatro de Improviso.\u00a0<\/p>\t\t\t\t\t\t\t\t<\/div>\n\t\t\t\t<\/div>\n\t\t\t\t\t<\/div>\n\t\t<\/div>\n\t\t\t\t\t<\/div>\n\t\t<\/section>\n\t\t\t\t<\/div>\n\t\t","protected":false},"excerpt":{"rendered":"<p>THE STORY TELLS ITSELF Leccionado por: Lee WhiteQuando: 01 de mar\u00e7oOnde: Centro Cultural Olga CadavalHor\u00e1rio: 14h-17h Valor: 30\u20ac Muitas vezes, enquanto contadores de hist\u00f3rias, n\u00e3o reconhecemos como os personagens que interpretamos j\u00e1 t\u00eam uma hist\u00f3ria incorporada neles.Mas isso s\u00f3 se torna claro se soubermos o que procurar.Os improvisadores for\u00e7am a hist\u00f3ria nas cenas, sem perceber&hellip;&nbsp;<a href=\"https:\/\/www.espontaneo.pt\/index.php\/workshops\/\" rel=\"bookmark\">Ler mais &raquo;<span class=\"screen-reader-text\">WORKSHOPS<\/span><\/a><\/p>\n","protected":false},"author":3,"featured_media":0,"parent":0,"menu_order":0,"comment_status":"closed","ping_status":"closed","template":"","meta":{"neve_meta_sidebar":"full-width","neve_meta_container":"","neve_meta_enable_content_width":"on","neve_meta_content_width":100,"neve_meta_title_alignment":"","neve_meta_author_avatar":"","neve_post_elements_order":"","neve_meta_disable_header":"","neve_meta_disable_footer":"","neve_meta_disable_title":"","footnotes":""},"class_list":["post-3009","page","type-page","status-publish","hentry"],"yoast_head":"<!-- This site is optimized with the Yoast SEO plugin v27.4 - https:\/\/yoast.com\/product\/yoast-seo-wordpress\/ -->\n<title>WORKSHOPS ESPONT\u00c2NEO<\/title>\n<meta name=\"robots\" content=\"index, follow, max-snippet:-1, max-image-preview:large, max-video-preview:-1\" \/>\n<link rel=\"canonical\" href=\"https:\/\/www.espontaneo.pt\/index.php\/workshops\/\" \/>\n<meta property=\"og:locale\" content=\"pt_PT\" \/>\n<meta property=\"og:type\" content=\"article\" \/>\n<meta property=\"og:title\" content=\"WORKSHOPS ESPONT\u00c2NEO\" \/>\n<meta property=\"og:description\" content=\"THE STORY TELLS ITSELF Leccionado por: Lee WhiteQuando: 01 de mar\u00e7oOnde: Centro Cultural Olga CadavalHor\u00e1rio: 14h-17h Valor: 30\u20ac Muitas vezes, enquanto contadores de hist\u00f3rias, n\u00e3o reconhecemos como os personagens que interpretamos j\u00e1 t\u00eam uma hist\u00f3ria incorporada neles.Mas isso s\u00f3 se torna claro se soubermos o que procurar.Os improvisadores for\u00e7am a hist\u00f3ria nas cenas, sem perceber&hellip;&nbsp;Ler mais &raquo;WORKSHOPS\" \/>\n<meta property=\"og:url\" content=\"https:\/\/www.espontaneo.pt\/index.php\/workshops\/\" \/>\n<meta property=\"og:site_name\" content=\"ESPONT\u00c2NEO\" \/>\n<meta property=\"article:modified_time\" content=\"2025-02-05T17:40:49+00:00\" \/>\n<meta property=\"og:image\" content=\"https:\/\/www.espontaneo.pt\/wp-content\/uploads\/2025\/02\/TITLE-WS.png\" \/>\n<meta name=\"twitter:card\" content=\"summary_large_image\" \/>\n<meta name=\"twitter:label1\" content=\"Tempo estimado de leitura\" \/>\n\t<meta name=\"twitter:data1\" content=\"3 minutos\" \/>\n<script type=\"application\/ld+json\" class=\"yoast-schema-graph\">{\"@context\":\"https:\\\/\\\/schema.org\",\"@graph\":[{\"@type\":\"WebPage\",\"@id\":\"https:\\\/\\\/www.espontaneo.pt\\\/index.php\\\/workshops\\\/\",\"url\":\"https:\\\/\\\/www.espontaneo.pt\\\/index.php\\\/workshops\\\/\",\"name\":\"WORKSHOPS ESPONT\u00c2NEO\",\"isPartOf\":{\"@id\":\"https:\\\/\\\/www.espontaneo.pt\\\/#website\"},\"primaryImageOfPage\":{\"@id\":\"https:\\\/\\\/www.espontaneo.pt\\\/index.php\\\/workshops\\\/#primaryimage\"},\"image\":{\"@id\":\"https:\\\/\\\/www.espontaneo.pt\\\/index.php\\\/workshops\\\/#primaryimage\"},\"thumbnailUrl\":\"https:\\\/\\\/www.espontaneo.pt\\\/wp-content\\\/uploads\\\/2025\\\/02\\\/TITLE-WS.png\",\"datePublished\":\"2022-03-26T02:57:46+00:00\",\"dateModified\":\"2025-02-05T17:40:49+00:00\",\"breadcrumb\":{\"@id\":\"https:\\\/\\\/www.espontaneo.pt\\\/index.php\\\/workshops\\\/#breadcrumb\"},\"inLanguage\":\"pt-PT\",\"potentialAction\":[{\"@type\":\"ReadAction\",\"target\":[\"https:\\\/\\\/www.espontaneo.pt\\\/index.php\\\/workshops\\\/\"]}]},{\"@type\":\"ImageObject\",\"inLanguage\":\"pt-PT\",\"@id\":\"https:\\\/\\\/www.espontaneo.pt\\\/index.php\\\/workshops\\\/#primaryimage\",\"url\":\"https:\\\/\\\/www.espontaneo.pt\\\/wp-content\\\/uploads\\\/2025\\\/02\\\/TITLE-WS.png\",\"contentUrl\":\"https:\\\/\\\/www.espontaneo.pt\\\/wp-content\\\/uploads\\\/2025\\\/02\\\/TITLE-WS.png\",\"width\":629,\"height\":294},{\"@type\":\"BreadcrumbList\",\"@id\":\"https:\\\/\\\/www.espontaneo.pt\\\/index.php\\\/workshops\\\/#breadcrumb\",\"itemListElement\":[{\"@type\":\"ListItem\",\"position\":1,\"name\":\"Home\",\"item\":\"https:\\\/\\\/www.espontaneo.pt\\\/\"},{\"@type\":\"ListItem\",\"position\":2,\"name\":\"WORKSHOPS\"}]},{\"@type\":\"WebSite\",\"@id\":\"https:\\\/\\\/www.espontaneo.pt\\\/#website\",\"url\":\"https:\\\/\\\/www.espontaneo.pt\\\/\",\"name\":\"ESPONT\u00c2NEO\",\"description\":\"Festival Internacional de Teatro de Improviso\",\"publisher\":{\"@id\":\"https:\\\/\\\/www.espontaneo.pt\\\/#organization\"},\"potentialAction\":[{\"@type\":\"SearchAction\",\"target\":{\"@type\":\"EntryPoint\",\"urlTemplate\":\"https:\\\/\\\/www.espontaneo.pt\\\/?s={search_term_string}\"},\"query-input\":{\"@type\":\"PropertyValueSpecification\",\"valueRequired\":true,\"valueName\":\"search_term_string\"}}],\"inLanguage\":\"pt-PT\"},{\"@type\":\"Organization\",\"@id\":\"https:\\\/\\\/www.espontaneo.pt\\\/#organization\",\"name\":\"ESPONT\u00c2NEO\",\"url\":\"https:\\\/\\\/www.espontaneo.pt\\\/\",\"logo\":{\"@type\":\"ImageObject\",\"inLanguage\":\"pt-PT\",\"@id\":\"https:\\\/\\\/www.espontaneo.pt\\\/#\\\/schema\\\/logo\\\/image\\\/\",\"url\":\"https:\\\/\\\/www.espontaneo.pt\\\/wp-content\\\/uploads\\\/2024\\\/01\\\/espontaneo-2024.png\",\"contentUrl\":\"https:\\\/\\\/www.espontaneo.pt\\\/wp-content\\\/uploads\\\/2024\\\/01\\\/espontaneo-2024.png\",\"width\":690,\"height\":648,\"caption\":\"ESPONT\u00c2NEO\"},\"image\":{\"@id\":\"https:\\\/\\\/www.espontaneo.pt\\\/#\\\/schema\\\/logo\\\/image\\\/\"}}]}<\/script>\n<!-- \/ Yoast SEO plugin. -->","yoast_head_json":{"title":"WORKSHOPS ESPONT\u00c2NEO","robots":{"index":"index","follow":"follow","max-snippet":"max-snippet:-1","max-image-preview":"max-image-preview:large","max-video-preview":"max-video-preview:-1"},"canonical":"https:\/\/www.espontaneo.pt\/index.php\/workshops\/","og_locale":"pt_PT","og_type":"article","og_title":"WORKSHOPS ESPONT\u00c2NEO","og_description":"THE STORY TELLS ITSELF Leccionado por: Lee WhiteQuando: 01 de mar\u00e7oOnde: Centro Cultural Olga CadavalHor\u00e1rio: 14h-17h Valor: 30\u20ac Muitas vezes, enquanto contadores de hist\u00f3rias, n\u00e3o reconhecemos como os personagens que interpretamos j\u00e1 t\u00eam uma hist\u00f3ria incorporada neles.Mas isso s\u00f3 se torna claro se soubermos o que procurar.Os improvisadores for\u00e7am a hist\u00f3ria nas cenas, sem perceber&hellip;&nbsp;Ler mais &raquo;WORKSHOPS","og_url":"https:\/\/www.espontaneo.pt\/index.php\/workshops\/","og_site_name":"ESPONT\u00c2NEO","article_modified_time":"2025-02-05T17:40:49+00:00","og_image":[{"url":"https:\/\/www.espontaneo.pt\/wp-content\/uploads\/2025\/02\/TITLE-WS.png","type":"","width":"","height":""}],"twitter_card":"summary_large_image","twitter_misc":{"Tempo estimado de leitura":"3 minutos"},"schema":{"@context":"https:\/\/schema.org","@graph":[{"@type":"WebPage","@id":"https:\/\/www.espontaneo.pt\/index.php\/workshops\/","url":"https:\/\/www.espontaneo.pt\/index.php\/workshops\/","name":"WORKSHOPS ESPONT\u00c2NEO","isPartOf":{"@id":"https:\/\/www.espontaneo.pt\/#website"},"primaryImageOfPage":{"@id":"https:\/\/www.espontaneo.pt\/index.php\/workshops\/#primaryimage"},"image":{"@id":"https:\/\/www.espontaneo.pt\/index.php\/workshops\/#primaryimage"},"thumbnailUrl":"https:\/\/www.espontaneo.pt\/wp-content\/uploads\/2025\/02\/TITLE-WS.png","datePublished":"2022-03-26T02:57:46+00:00","dateModified":"2025-02-05T17:40:49+00:00","breadcrumb":{"@id":"https:\/\/www.espontaneo.pt\/index.php\/workshops\/#breadcrumb"},"inLanguage":"pt-PT","potentialAction":[{"@type":"ReadAction","target":["https:\/\/www.espontaneo.pt\/index.php\/workshops\/"]}]},{"@type":"ImageObject","inLanguage":"pt-PT","@id":"https:\/\/www.espontaneo.pt\/index.php\/workshops\/#primaryimage","url":"https:\/\/www.espontaneo.pt\/wp-content\/uploads\/2025\/02\/TITLE-WS.png","contentUrl":"https:\/\/www.espontaneo.pt\/wp-content\/uploads\/2025\/02\/TITLE-WS.png","width":629,"height":294},{"@type":"BreadcrumbList","@id":"https:\/\/www.espontaneo.pt\/index.php\/workshops\/#breadcrumb","itemListElement":[{"@type":"ListItem","position":1,"name":"Home","item":"https:\/\/www.espontaneo.pt\/"},{"@type":"ListItem","position":2,"name":"WORKSHOPS"}]},{"@type":"WebSite","@id":"https:\/\/www.espontaneo.pt\/#website","url":"https:\/\/www.espontaneo.pt\/","name":"ESPONT\u00c2NEO","description":"Festival Internacional de Teatro de Improviso","publisher":{"@id":"https:\/\/www.espontaneo.pt\/#organization"},"potentialAction":[{"@type":"SearchAction","target":{"@type":"EntryPoint","urlTemplate":"https:\/\/www.espontaneo.pt\/?s={search_term_string}"},"query-input":{"@type":"PropertyValueSpecification","valueRequired":true,"valueName":"search_term_string"}}],"inLanguage":"pt-PT"},{"@type":"Organization","@id":"https:\/\/www.espontaneo.pt\/#organization","name":"ESPONT\u00c2NEO","url":"https:\/\/www.espontaneo.pt\/","logo":{"@type":"ImageObject","inLanguage":"pt-PT","@id":"https:\/\/www.espontaneo.pt\/#\/schema\/logo\/image\/","url":"https:\/\/www.espontaneo.pt\/wp-content\/uploads\/2024\/01\/espontaneo-2024.png","contentUrl":"https:\/\/www.espontaneo.pt\/wp-content\/uploads\/2024\/01\/espontaneo-2024.png","width":690,"height":648,"caption":"ESPONT\u00c2NEO"},"image":{"@id":"https:\/\/www.espontaneo.pt\/#\/schema\/logo\/image\/"}}]}},"_links":{"self":[{"href":"https:\/\/www.espontaneo.pt\/index.php\/wp-json\/wp\/v2\/pages\/3009","targetHints":{"allow":["GET"]}}],"collection":[{"href":"https:\/\/www.espontaneo.pt\/index.php\/wp-json\/wp\/v2\/pages"}],"about":[{"href":"https:\/\/www.espontaneo.pt\/index.php\/wp-json\/wp\/v2\/types\/page"}],"author":[{"embeddable":true,"href":"https:\/\/www.espontaneo.pt\/index.php\/wp-json\/wp\/v2\/users\/3"}],"replies":[{"embeddable":true,"href":"https:\/\/www.espontaneo.pt\/index.php\/wp-json\/wp\/v2\/comments?post=3009"}],"version-history":[{"count":0,"href":"https:\/\/www.espontaneo.pt\/index.php\/wp-json\/wp\/v2\/pages\/3009\/revisions"}],"wp:attachment":[{"href":"https:\/\/www.espontaneo.pt\/index.php\/wp-json\/wp\/v2\/media?parent=3009"}],"curies":[{"name":"wp","href":"https:\/\/api.w.org\/{rel}","templated":true}]}}