{"id":2930,"date":"2022-03-25T10:34:38","date_gmt":"2022-03-25T10:34:38","guid":{"rendered":"https:\/\/www.espontaneo.pt\/?page_id=2930"},"modified":"2025-02-18T15:22:26","modified_gmt":"2025-02-18T15:22:26","slug":"bilhetes-2","status":"publish","type":"page","link":"https:\/\/www.espontaneo.pt\/index.php\/bilhetes-2\/","title":{"rendered":"ESPONT\u00c2NEO BILHETES"},"content":{"rendered":"\t\t<div data-elementor-type=\"wp-page\" data-elementor-id=\"2930\" class=\"elementor elementor-2930\" data-elementor-post-type=\"page\">\n\t\t\t\t\t\t<section class=\"elementor-section elementor-top-section elementor-element elementor-element-1a95ba29 elementor-section-height-min-height elementor-section-full_width elementor-section-stretched elementor-section-height-default elementor-section-items-middle\" data-id=\"1a95ba29\" data-element_type=\"section\" data-e-type=\"section\" data-settings=\"{&quot;background_background&quot;:&quot;gradient&quot;,&quot;stretch_section&quot;:&quot;section-stretched&quot;}\">\n\t\t\t\t\t\t<div class=\"elementor-container elementor-column-gap-default\">\n\t\t\t\t\t<div class=\"elementor-column elementor-col-100 elementor-top-column elementor-element elementor-element-281ba2b1\" data-id=\"281ba2b1\" data-element_type=\"column\" data-e-type=\"column\" data-settings=\"{&quot;background_background&quot;:&quot;classic&quot;}\">\n\t\t\t<div class=\"elementor-widget-wrap elementor-element-populated\">\n\t\t\t\t\t\t<div class=\"elementor-element elementor-element-b33d36c elementor-widget-divider--view-line elementor-widget elementor-widget-divider\" data-id=\"b33d36c\" data-element_type=\"widget\" data-e-type=\"widget\" data-widget_type=\"divider.default\">\n\t\t\t\t<div class=\"elementor-widget-container\">\n\t\t\t\t\t\t\t<div class=\"elementor-divider\">\n\t\t\t<span class=\"elementor-divider-separator\">\n\t\t\t\t\t\t<\/span>\n\t\t<\/div>\n\t\t\t\t\t\t<\/div>\n\t\t\t\t<\/div>\n\t\t\t\t<div class=\"elementor-element elementor-element-d992ba2 elementor-widget elementor-widget-image\" data-id=\"d992ba2\" data-element_type=\"widget\" data-e-type=\"widget\" data-widget_type=\"image.default\">\n\t\t\t\t<div class=\"elementor-widget-container\">\n\t\t\t\t\t\t\t\t\t\t\t\t\t\t\t<img decoding=\"async\" width=\"300\" height=\"146\" src=\"https:\/\/www.espontaneo.pt\/wp-content\/uploads\/2025\/02\/TITLE-BILHETS-1-300x146.png\" class=\"attachment-medium size-medium wp-image-6720\" alt=\"\" srcset=\"https:\/\/www.espontaneo.pt\/wp-content\/uploads\/2025\/02\/TITLE-BILHETS-1-300x146.png 300w, https:\/\/www.espontaneo.pt\/wp-content\/uploads\/2025\/02\/TITLE-BILHETS-1.png 597w\" sizes=\"(max-width: 300px) 100vw, 300px\" \/>\t\t\t\t\t\t\t\t\t\t\t\t\t\t\t<\/div>\n\t\t\t\t<\/div>\n\t\t\t\t<div class=\"elementor-element elementor-element-86a4e37 elementor-widget-divider--view-line elementor-widget elementor-widget-divider\" data-id=\"86a4e37\" data-element_type=\"widget\" data-e-type=\"widget\" data-widget_type=\"divider.default\">\n\t\t\t\t<div class=\"elementor-widget-container\">\n\t\t\t\t\t\t\t<div class=\"elementor-divider\">\n\t\t\t<span class=\"elementor-divider-separator\">\n\t\t\t\t\t\t<\/span>\n\t\t<\/div>\n\t\t\t\t\t\t<\/div>\n\t\t\t\t<\/div>\n\t\t\t\t<div class=\"elementor-element elementor-element-9fbd6d0 elementor-widget elementor-widget-text-editor\" data-id=\"9fbd6d0\" data-element_type=\"widget\" data-e-type=\"widget\" data-widget_type=\"text-editor.default\">\n\t\t\t\t<div class=\"elementor-widget-container\">\n\t\t\t\t\t\t\t\t\t<p>O Espont\u00e2neo promove uma pol\u00edtica de livre acesso \u00e0 cultura, sendo <strong>todos os espet\u00e1culos do festival de entrada livre<\/strong>, mediante reserva pr\u00e9via de lugar.<\/p><p>Contudo, todos aqueles que queiram garantir o seu lugar e apoiar o festival, poder\u00e3o <strong>adquirir o bilhete<\/strong> nas habituais plataformas de venda.<\/p><p><strong>Para tal basta escolher e premir uma das op\u00e7\u00f5es.<\/strong><\/p><p><strong>Desejamos a todos um excelente festival!<\/strong><\/p>\t\t\t\t\t\t\t\t<\/div>\n\t\t\t\t<\/div>\n\t\t\t\t<div class=\"elementor-element elementor-element-92e9aad elementor-widget-divider--view-line elementor-widget elementor-widget-divider\" data-id=\"92e9aad\" data-element_type=\"widget\" data-e-type=\"widget\" data-widget_type=\"divider.default\">\n\t\t\t\t<div class=\"elementor-widget-container\">\n\t\t\t\t\t\t\t<div class=\"elementor-divider\">\n\t\t\t<span class=\"elementor-divider-separator\">\n\t\t\t\t\t\t<\/span>\n\t\t<\/div>\n\t\t\t\t\t\t<\/div>\n\t\t\t\t<\/div>\n\t\t\t\t<section class=\"elementor-section elementor-inner-section elementor-element elementor-element-de3a719 elementor-section-boxed elementor-section-height-default elementor-section-height-default\" data-id=\"de3a719\" data-element_type=\"section\" data-e-type=\"section\">\n\t\t\t\t\t\t<div class=\"elementor-container elementor-column-gap-default\">\n\t\t\t\t\t<div class=\"elementor-column elementor-col-50 elementor-inner-column elementor-element elementor-element-4dba271\" data-id=\"4dba271\" data-element_type=\"column\" data-e-type=\"column\">\n\t\t\t<div class=\"elementor-widget-wrap elementor-element-populated\">\n\t\t\t\t\t\t<div class=\"elementor-element elementor-element-2ef91ef elementor-widget elementor-widget-image\" data-id=\"2ef91ef\" data-element_type=\"widget\" data-e-type=\"widget\" data-widget_type=\"image.default\">\n\t\t\t\t<div class=\"elementor-widget-container\">\n\t\t\t\t\t\t\t\t\t\t\t\t\t\t\t\t<a href=\"mailto:geral@instantaneos.pt\">\n\t\t\t\t\t\t\t<img fetchpriority=\"high\" decoding=\"async\" width=\"300\" height=\"251\" src=\"https:\/\/www.espontaneo.pt\/wp-content\/uploads\/2025\/02\/MAIL-300x251.png\" class=\"attachment-medium size-medium wp-image-6725\" alt=\"\" srcset=\"https:\/\/www.espontaneo.pt\/wp-content\/uploads\/2025\/02\/MAIL-300x251.png 300w, https:\/\/www.espontaneo.pt\/wp-content\/uploads\/2025\/02\/MAIL.png 714w\" sizes=\"(max-width: 300px) 100vw, 300px\" \/>\t\t\t\t\t\t\t\t<\/a>\n\t\t\t\t\t\t\t\t\t\t\t\t\t\t\t<\/div>\n\t\t\t\t<\/div>\n\t\t\t\t\t<\/div>\n\t\t<\/div>\n\t\t\t\t<div class=\"elementor-column elementor-col-50 elementor-inner-column elementor-element elementor-element-1f41db1\" data-id=\"1f41db1\" data-element_type=\"column\" data-e-type=\"column\">\n\t\t\t<div class=\"elementor-widget-wrap elementor-element-populated\">\n\t\t\t\t\t\t<div class=\"elementor-element elementor-element-6b047cb elementor-widget elementor-widget-image\" data-id=\"6b047cb\" data-element_type=\"widget\" data-e-type=\"widget\" data-widget_type=\"image.default\">\n\t\t\t\t<div class=\"elementor-widget-container\">\n\t\t\t\t\t\t\t\t\t\t\t\t\t\t\t\t<a href=\"https:\/\/bit.ly\/ESPONTANEO25\">\n\t\t\t\t\t\t\t<img decoding=\"async\" width=\"300\" height=\"276\" src=\"https:\/\/www.espontaneo.pt\/wp-content\/uploads\/2025\/02\/TICKETS-300x276.png\" class=\"attachment-medium size-medium wp-image-6726\" alt=\"\" srcset=\"https:\/\/www.espontaneo.pt\/wp-content\/uploads\/2025\/02\/TICKETS-300x276.png 300w, https:\/\/www.espontaneo.pt\/wp-content\/uploads\/2025\/02\/TICKETS.png 651w\" sizes=\"(max-width: 300px) 100vw, 300px\" \/>\t\t\t\t\t\t\t\t<\/a>\n\t\t\t\t\t\t\t\t\t\t\t\t\t\t\t<\/div>\n\t\t\t\t<\/div>\n\t\t\t\t\t<\/div>\n\t\t<\/div>\n\t\t\t\t\t<\/div>\n\t\t<\/section>\n\t\t\t\t<div class=\"elementor-element elementor-element-b62ceed elementor-widget-divider--view-line elementor-widget elementor-widget-divider\" data-id=\"b62ceed\" data-element_type=\"widget\" data-e-type=\"widget\" data-widget_type=\"divider.default\">\n\t\t\t\t<div class=\"elementor-widget-container\">\n\t\t\t\t\t\t\t<div class=\"elementor-divider\">\n\t\t\t<span class=\"elementor-divider-separator\">\n\t\t\t\t\t\t<\/span>\n\t\t<\/div>\n\t\t\t\t\t\t<\/div>\n\t\t\t\t<\/div>\n\t\t\t\t<div class=\"elementor-element elementor-element-e2d1e80 elementor-widget elementor-widget-spacer\" data-id=\"e2d1e80\" data-element_type=\"widget\" data-e-type=\"widget\" data-widget_type=\"spacer.default\">\n\t\t\t\t<div class=\"elementor-widget-container\">\n\t\t\t\t\t\t\t<div class=\"elementor-spacer\">\n\t\t\t<div class=\"elementor-spacer-inner\"><\/div>\n\t\t<\/div>\n\t\t\t\t\t\t<\/div>\n\t\t\t\t<\/div>\n\t\t\t\t<div class=\"elementor-element elementor-element-a11874f elementor-widget elementor-widget-image\" data-id=\"a11874f\" data-element_type=\"widget\" data-e-type=\"widget\" data-widget_type=\"image.default\">\n\t\t\t\t<div class=\"elementor-widget-container\">\n\t\t\t\t\t\t\t\t\t\t\t\t\t\t\t<img loading=\"lazy\" decoding=\"async\" width=\"300\" height=\"225\" src=\"https:\/\/www.espontaneo.pt\/wp-content\/uploads\/2025\/02\/logo2-300x225.png\" class=\"attachment-medium size-medium wp-image-6777\" alt=\"\" srcset=\"https:\/\/www.espontaneo.pt\/wp-content\/uploads\/2025\/02\/logo2-300x225.png 300w, https:\/\/www.espontaneo.pt\/wp-content\/uploads\/2025\/02\/logo2.png 640w\" sizes=\"(max-width: 300px) 100vw, 300px\" \/>\t\t\t\t\t\t\t\t\t\t\t\t\t\t\t<\/div>\n\t\t\t\t<\/div>\n\t\t\t\t<div class=\"elementor-element elementor-element-ffdcf08 elementor-widget elementor-widget-spacer\" data-id=\"ffdcf08\" data-element_type=\"widget\" data-e-type=\"widget\" data-widget_type=\"spacer.default\">\n\t\t\t\t<div class=\"elementor-widget-container\">\n\t\t\t\t\t\t\t<div class=\"elementor-spacer\">\n\t\t\t<div class=\"elementor-spacer-inner\"><\/div>\n\t\t<\/div>\n\t\t\t\t\t\t<\/div>\n\t\t\t\t<\/div>\n\t\t\t\t<div class=\"elementor-element elementor-element-169df6fd elementor-shape-circle elementor-grid-4 e-grid-align-center elementor-widget elementor-widget-social-icons\" data-id=\"169df6fd\" data-element_type=\"widget\" data-e-type=\"widget\" data-widget_type=\"social-icons.default\">\n\t\t\t\t<div class=\"elementor-widget-container\">\n\t\t\t\t\t\t\t<div class=\"elementor-social-icons-wrapper elementor-grid\" role=\"list\">\n\t\t\t\t\t\t\t<span class=\"elementor-grid-item\" role=\"listitem\">\n\t\t\t\t\t<a class=\"elementor-icon elementor-social-icon elementor-social-icon-facebook elementor-animation-shrink elementor-repeater-item-ce78551\" href=\"https:\/\/www.facebook.com\/espontaneofestivalimpro\/\" target=\"_blank\">\n\t\t\t\t\t\t<span class=\"elementor-screen-only\">Facebook<\/span>\n\t\t\t\t\t\t<i aria-hidden=\"true\" class=\"fab fa-facebook\"><\/i>\t\t\t\t\t<\/a>\n\t\t\t\t<\/span>\n\t\t\t\t\t\t\t<span class=\"elementor-grid-item\" role=\"listitem\">\n\t\t\t\t\t<a class=\"elementor-icon elementor-social-icon elementor-social-icon-instagram elementor-animation-shrink elementor-repeater-item-36066a9\" href=\"https:\/\/www.instagram.com\/espontaneo_festimpro\/\" target=\"_blank\">\n\t\t\t\t\t\t<span class=\"elementor-screen-only\">Instagram<\/span>\n\t\t\t\t\t\t<i aria-hidden=\"true\" class=\"fab fa-instagram\"><\/i>\t\t\t\t\t<\/a>\n\t\t\t\t<\/span>\n\t\t\t\t\t\t\t<span class=\"elementor-grid-item\" role=\"listitem\">\n\t\t\t\t\t<a class=\"elementor-icon elementor-social-icon elementor-social-icon-youtube elementor-animation-shrink elementor-repeater-item-9e28351\" href=\"https:\/\/www.youtube.com\/channel\/UCemdIAHIdt8cFm5ayu3ImhA\" target=\"_blank\">\n\t\t\t\t\t\t<span class=\"elementor-screen-only\">Youtube<\/span>\n\t\t\t\t\t\t<i aria-hidden=\"true\" class=\"fab fa-youtube\"><\/i>\t\t\t\t\t<\/a>\n\t\t\t\t<\/span>\n\t\t\t\t\t\t\t<span class=\"elementor-grid-item\" role=\"listitem\">\n\t\t\t\t\t<a class=\"elementor-icon elementor-social-icon elementor-social-icon-twitter elementor-animation-shrink elementor-repeater-item-f30ba73\" href=\"https:\/\/twitter.com\/instantaneos_\" target=\"_blank\">\n\t\t\t\t\t\t<span class=\"elementor-screen-only\">Twitter<\/span>\n\t\t\t\t\t\t<i aria-hidden=\"true\" class=\"fab fa-twitter\"><\/i>\t\t\t\t\t<\/a>\n\t\t\t\t<\/span>\n\t\t\t\t\t<\/div>\n\t\t\t\t\t\t<\/div>\n\t\t\t\t<\/div>\n\t\t\t\t<div class=\"elementor-element elementor-element-cc1faf elementor-widget elementor-widget-spacer\" data-id=\"cc1faf\" data-element_type=\"widget\" data-e-type=\"widget\" data-widget_type=\"spacer.default\">\n\t\t\t\t<div class=\"elementor-widget-container\">\n\t\t\t\t\t\t\t<div class=\"elementor-spacer\">\n\t\t\t<div class=\"elementor-spacer-inner\"><\/div>\n\t\t<\/div>\n\t\t\t\t\t\t<\/div>\n\t\t\t\t<\/div>\n\t\t\t\t<div class=\"elementor-element elementor-element-7aaba101 elementor-widget elementor-widget-text-editor\" data-id=\"7aaba101\" data-element_type=\"widget\" data-e-type=\"widget\" data-widget_type=\"text-editor.default\">\n\t\t\t\t<div class=\"elementor-widget-container\">\n\t\t\t\t\t\t\t\t\t<p><b>Telem\u00f3vel:<\/b>\u00a0+351 938 598\u00a0247<br \/><b>Info\/Inscri\u00e7\u00f5es:<\/b>\u00a0geral@instantaneos.pt<br \/><b>Assessoria de Imprensa:<\/b>\u00a0producao@instantaneos.pt<\/p>\t\t\t\t\t\t\t\t<\/div>\n\t\t\t\t<\/div>\n\t\t\t\t<div class=\"elementor-element elementor-element-2e0b0dd3 elementor-widget elementor-widget-spacer\" data-id=\"2e0b0dd3\" data-element_type=\"widget\" data-e-type=\"widget\" data-widget_type=\"spacer.default\">\n\t\t\t\t<div class=\"elementor-widget-container\">\n\t\t\t\t\t\t\t<div class=\"elementor-spacer\">\n\t\t\t<div class=\"elementor-spacer-inner\"><\/div>\n\t\t<\/div>\n\t\t\t\t\t\t<\/div>\n\t\t\t\t<\/div>\n\t\t\t\t<div class=\"elementor-element elementor-element-18223fda elementor-widget elementor-widget-text-editor\" data-id=\"18223fda\" data-element_type=\"widget\" data-e-type=\"widget\" data-widget_type=\"text-editor.default\">\n\t\t\t\t<div class=\"elementor-widget-container\">\n\t\t\t\t\t\t\t\t\t<p>\u00a9 Festival Internacional de Teatro de Improviso<\/p>\t\t\t\t\t\t\t\t<\/div>\n\t\t\t\t<\/div>\n\t\t\t\t\t<\/div>\n\t\t<\/div>\n\t\t\t\t\t<\/div>\n\t\t<\/section>\n\t\t\t\t<section class=\"elementor-section elementor-top-section elementor-element elementor-element-8e0ca98 elementor-section-boxed elementor-section-height-default elementor-section-height-default\" data-id=\"8e0ca98\" data-element_type=\"section\" data-e-type=\"section\">\n\t\t\t\t\t\t<div class=\"elementor-container elementor-column-gap-default\">\n\t\t\t\t\t<div class=\"elementor-column elementor-col-100 elementor-top-column elementor-element elementor-element-3f27905\" data-id=\"3f27905\" data-element_type=\"column\" data-e-type=\"column\">\n\t\t\t<div class=\"elementor-widget-wrap\">\n\t\t\t\t\t\t\t<\/div>\n\t\t<\/div>\n\t\t\t\t\t<\/div>\n\t\t<\/section>\n\t\t\t\t<\/div>\n\t\t","protected":false},"excerpt":{"rendered":"<p>O Espont\u00e2neo promove uma pol\u00edtica de livre acesso \u00e0 cultura, sendo todos os espet\u00e1culos do festival de entrada livre, mediante reserva pr\u00e9via de lugar. Contudo, todos aqueles que queiram garantir o seu lugar e apoiar o festival, poder\u00e3o adquirir o bilhete nas habituais plataformas de venda. Para tal basta escolher e premir uma das op\u00e7\u00f5es.&hellip;&nbsp;<a href=\"https:\/\/www.espontaneo.pt\/index.php\/bilhetes-2\/\" rel=\"bookmark\">Ler mais &raquo;<span class=\"screen-reader-text\">ESPONT\u00c2NEO BILHETES<\/span><\/a><\/p>\n","protected":false},"author":3,"featured_media":0,"parent":0,"menu_order":0,"comment_status":"closed","ping_status":"closed","template":"page-templates\/template-pagebuilder-full-width.php","meta":{"neve_meta_sidebar":"full-width","neve_meta_container":"","neve_meta_enable_content_width":"on","neve_meta_content_width":100,"neve_meta_title_alignment":"","neve_meta_author_avatar":"","neve_post_elements_order":"","neve_meta_disable_header":"","neve_meta_disable_footer":"","neve_meta_disable_title":"","footnotes":""},"class_list":["post-2930","page","type-page","status-publish","hentry"],"yoast_head":"<!-- This site is optimized with the Yoast SEO plugin v27.4 - https:\/\/yoast.com\/product\/yoast-seo-wordpress\/ -->\n<title>ESPONT\u00c2NEO BILHETES - ESPONT\u00c2NEO<\/title>\n<meta name=\"robots\" content=\"index, follow, max-snippet:-1, max-image-preview:large, max-video-preview:-1\" \/>\n<link rel=\"canonical\" href=\"https:\/\/www.espontaneo.pt\/index.php\/bilhetes-2\/\" \/>\n<meta property=\"og:locale\" content=\"pt_PT\" \/>\n<meta property=\"og:type\" content=\"article\" \/>\n<meta property=\"og:title\" content=\"ESPONT\u00c2NEO BILHETES - ESPONT\u00c2NEO\" \/>\n<meta property=\"og:description\" content=\"O Espont\u00e2neo promove uma pol\u00edtica de livre acesso \u00e0 cultura, sendo todos os espet\u00e1culos do festival de entrada livre, mediante reserva pr\u00e9via de lugar. Contudo, todos aqueles que queiram garantir o seu lugar e apoiar o festival, poder\u00e3o adquirir o bilhete nas habituais plataformas de venda. Para tal basta escolher e premir uma das op\u00e7\u00f5es.&hellip;&nbsp;Ler mais &raquo;ESPONT\u00c2NEO BILHETES\" \/>\n<meta property=\"og:url\" content=\"https:\/\/www.espontaneo.pt\/index.php\/bilhetes-2\/\" \/>\n<meta property=\"og:site_name\" content=\"ESPONT\u00c2NEO\" \/>\n<meta property=\"article:modified_time\" content=\"2025-02-18T15:22:26+00:00\" \/>\n<meta property=\"og:image\" content=\"https:\/\/www.espontaneo.pt\/wp-content\/uploads\/2025\/02\/TITLE-BILHETS-1-300x146.png\" \/>\n<meta name=\"twitter:card\" content=\"summary_large_image\" \/>\n<meta name=\"twitter:label1\" content=\"Tempo estimado de leitura\" \/>\n\t<meta name=\"twitter:data1\" content=\"2 minutos\" \/>\n<script type=\"application\/ld+json\" class=\"yoast-schema-graph\">{\"@context\":\"https:\\\/\\\/schema.org\",\"@graph\":[{\"@type\":\"WebPage\",\"@id\":\"https:\\\/\\\/www.espontaneo.pt\\\/index.php\\\/bilhetes-2\\\/\",\"url\":\"https:\\\/\\\/www.espontaneo.pt\\\/index.php\\\/bilhetes-2\\\/\",\"name\":\"ESPONT\u00c2NEO BILHETES - ESPONT\u00c2NEO\",\"isPartOf\":{\"@id\":\"https:\\\/\\\/www.espontaneo.pt\\\/#website\"},\"primaryImageOfPage\":{\"@id\":\"https:\\\/\\\/www.espontaneo.pt\\\/index.php\\\/bilhetes-2\\\/#primaryimage\"},\"image\":{\"@id\":\"https:\\\/\\\/www.espontaneo.pt\\\/index.php\\\/bilhetes-2\\\/#primaryimage\"},\"thumbnailUrl\":\"https:\\\/\\\/www.espontaneo.pt\\\/wp-content\\\/uploads\\\/2025\\\/02\\\/TITLE-BILHETS-1-300x146.png\",\"datePublished\":\"2022-03-25T10:34:38+00:00\",\"dateModified\":\"2025-02-18T15:22:26+00:00\",\"breadcrumb\":{\"@id\":\"https:\\\/\\\/www.espontaneo.pt\\\/index.php\\\/bilhetes-2\\\/#breadcrumb\"},\"inLanguage\":\"pt-PT\",\"potentialAction\":[{\"@type\":\"ReadAction\",\"target\":[\"https:\\\/\\\/www.espontaneo.pt\\\/index.php\\\/bilhetes-2\\\/\"]}]},{\"@type\":\"ImageObject\",\"inLanguage\":\"pt-PT\",\"@id\":\"https:\\\/\\\/www.espontaneo.pt\\\/index.php\\\/bilhetes-2\\\/#primaryimage\",\"url\":\"https:\\\/\\\/www.espontaneo.pt\\\/wp-content\\\/uploads\\\/2025\\\/02\\\/TITLE-BILHETS-1.png\",\"contentUrl\":\"https:\\\/\\\/www.espontaneo.pt\\\/wp-content\\\/uploads\\\/2025\\\/02\\\/TITLE-BILHETS-1.png\",\"width\":597,\"height\":290},{\"@type\":\"BreadcrumbList\",\"@id\":\"https:\\\/\\\/www.espontaneo.pt\\\/index.php\\\/bilhetes-2\\\/#breadcrumb\",\"itemListElement\":[{\"@type\":\"ListItem\",\"position\":1,\"name\":\"Home\",\"item\":\"https:\\\/\\\/www.espontaneo.pt\\\/\"},{\"@type\":\"ListItem\",\"position\":2,\"name\":\"ESPONT\u00c2NEO BILHETES\"}]},{\"@type\":\"WebSite\",\"@id\":\"https:\\\/\\\/www.espontaneo.pt\\\/#website\",\"url\":\"https:\\\/\\\/www.espontaneo.pt\\\/\",\"name\":\"ESPONT\u00c2NEO\",\"description\":\"Festival Internacional de Teatro de Improviso\",\"publisher\":{\"@id\":\"https:\\\/\\\/www.espontaneo.pt\\\/#organization\"},\"potentialAction\":[{\"@type\":\"SearchAction\",\"target\":{\"@type\":\"EntryPoint\",\"urlTemplate\":\"https:\\\/\\\/www.espontaneo.pt\\\/?s={search_term_string}\"},\"query-input\":{\"@type\":\"PropertyValueSpecification\",\"valueRequired\":true,\"valueName\":\"search_term_string\"}}],\"inLanguage\":\"pt-PT\"},{\"@type\":\"Organization\",\"@id\":\"https:\\\/\\\/www.espontaneo.pt\\\/#organization\",\"name\":\"ESPONT\u00c2NEO\",\"url\":\"https:\\\/\\\/www.espontaneo.pt\\\/\",\"logo\":{\"@type\":\"ImageObject\",\"inLanguage\":\"pt-PT\",\"@id\":\"https:\\\/\\\/www.espontaneo.pt\\\/#\\\/schema\\\/logo\\\/image\\\/\",\"url\":\"https:\\\/\\\/www.espontaneo.pt\\\/wp-content\\\/uploads\\\/2024\\\/01\\\/espontaneo-2024.png\",\"contentUrl\":\"https:\\\/\\\/www.espontaneo.pt\\\/wp-content\\\/uploads\\\/2024\\\/01\\\/espontaneo-2024.png\",\"width\":690,\"height\":648,\"caption\":\"ESPONT\u00c2NEO\"},\"image\":{\"@id\":\"https:\\\/\\\/www.espontaneo.pt\\\/#\\\/schema\\\/logo\\\/image\\\/\"}}]}<\/script>\n<!-- \/ Yoast SEO plugin. -->","yoast_head_json":{"title":"ESPONT\u00c2NEO BILHETES - ESPONT\u00c2NEO","robots":{"index":"index","follow":"follow","max-snippet":"max-snippet:-1","max-image-preview":"max-image-preview:large","max-video-preview":"max-video-preview:-1"},"canonical":"https:\/\/www.espontaneo.pt\/index.php\/bilhetes-2\/","og_locale":"pt_PT","og_type":"article","og_title":"ESPONT\u00c2NEO BILHETES - ESPONT\u00c2NEO","og_description":"O Espont\u00e2neo promove uma pol\u00edtica de livre acesso \u00e0 cultura, sendo todos os espet\u00e1culos do festival de entrada livre, mediante reserva pr\u00e9via de lugar. Contudo, todos aqueles que queiram garantir o seu lugar e apoiar o festival, poder\u00e3o adquirir o bilhete nas habituais plataformas de venda. Para tal basta escolher e premir uma das op\u00e7\u00f5es.&hellip;&nbsp;Ler mais &raquo;ESPONT\u00c2NEO BILHETES","og_url":"https:\/\/www.espontaneo.pt\/index.php\/bilhetes-2\/","og_site_name":"ESPONT\u00c2NEO","article_modified_time":"2025-02-18T15:22:26+00:00","og_image":[{"url":"https:\/\/www.espontaneo.pt\/wp-content\/uploads\/2025\/02\/TITLE-BILHETS-1-300x146.png","type":"","width":"","height":""}],"twitter_card":"summary_large_image","twitter_misc":{"Tempo estimado de leitura":"2 minutos"},"schema":{"@context":"https:\/\/schema.org","@graph":[{"@type":"WebPage","@id":"https:\/\/www.espontaneo.pt\/index.php\/bilhetes-2\/","url":"https:\/\/www.espontaneo.pt\/index.php\/bilhetes-2\/","name":"ESPONT\u00c2NEO BILHETES - ESPONT\u00c2NEO","isPartOf":{"@id":"https:\/\/www.espontaneo.pt\/#website"},"primaryImageOfPage":{"@id":"https:\/\/www.espontaneo.pt\/index.php\/bilhetes-2\/#primaryimage"},"image":{"@id":"https:\/\/www.espontaneo.pt\/index.php\/bilhetes-2\/#primaryimage"},"thumbnailUrl":"https:\/\/www.espontaneo.pt\/wp-content\/uploads\/2025\/02\/TITLE-BILHETS-1-300x146.png","datePublished":"2022-03-25T10:34:38+00:00","dateModified":"2025-02-18T15:22:26+00:00","breadcrumb":{"@id":"https:\/\/www.espontaneo.pt\/index.php\/bilhetes-2\/#breadcrumb"},"inLanguage":"pt-PT","potentialAction":[{"@type":"ReadAction","target":["https:\/\/www.espontaneo.pt\/index.php\/bilhetes-2\/"]}]},{"@type":"ImageObject","inLanguage":"pt-PT","@id":"https:\/\/www.espontaneo.pt\/index.php\/bilhetes-2\/#primaryimage","url":"https:\/\/www.espontaneo.pt\/wp-content\/uploads\/2025\/02\/TITLE-BILHETS-1.png","contentUrl":"https:\/\/www.espontaneo.pt\/wp-content\/uploads\/2025\/02\/TITLE-BILHETS-1.png","width":597,"height":290},{"@type":"BreadcrumbList","@id":"https:\/\/www.espontaneo.pt\/index.php\/bilhetes-2\/#breadcrumb","itemListElement":[{"@type":"ListItem","position":1,"name":"Home","item":"https:\/\/www.espontaneo.pt\/"},{"@type":"ListItem","position":2,"name":"ESPONT\u00c2NEO BILHETES"}]},{"@type":"WebSite","@id":"https:\/\/www.espontaneo.pt\/#website","url":"https:\/\/www.espontaneo.pt\/","name":"ESPONT\u00c2NEO","description":"Festival Internacional de Teatro de Improviso","publisher":{"@id":"https:\/\/www.espontaneo.pt\/#organization"},"potentialAction":[{"@type":"SearchAction","target":{"@type":"EntryPoint","urlTemplate":"https:\/\/www.espontaneo.pt\/?s={search_term_string}"},"query-input":{"@type":"PropertyValueSpecification","valueRequired":true,"valueName":"search_term_string"}}],"inLanguage":"pt-PT"},{"@type":"Organization","@id":"https:\/\/www.espontaneo.pt\/#organization","name":"ESPONT\u00c2NEO","url":"https:\/\/www.espontaneo.pt\/","logo":{"@type":"ImageObject","inLanguage":"pt-PT","@id":"https:\/\/www.espontaneo.pt\/#\/schema\/logo\/image\/","url":"https:\/\/www.espontaneo.pt\/wp-content\/uploads\/2024\/01\/espontaneo-2024.png","contentUrl":"https:\/\/www.espontaneo.pt\/wp-content\/uploads\/2024\/01\/espontaneo-2024.png","width":690,"height":648,"caption":"ESPONT\u00c2NEO"},"image":{"@id":"https:\/\/www.espontaneo.pt\/#\/schema\/logo\/image\/"}}]}},"_links":{"self":[{"href":"https:\/\/www.espontaneo.pt\/index.php\/wp-json\/wp\/v2\/pages\/2930","targetHints":{"allow":["GET"]}}],"collection":[{"href":"https:\/\/www.espontaneo.pt\/index.php\/wp-json\/wp\/v2\/pages"}],"about":[{"href":"https:\/\/www.espontaneo.pt\/index.php\/wp-json\/wp\/v2\/types\/page"}],"author":[{"embeddable":true,"href":"https:\/\/www.espontaneo.pt\/index.php\/wp-json\/wp\/v2\/users\/3"}],"replies":[{"embeddable":true,"href":"https:\/\/www.espontaneo.pt\/index.php\/wp-json\/wp\/v2\/comments?post=2930"}],"version-history":[{"count":6,"href":"https:\/\/www.espontaneo.pt\/index.php\/wp-json\/wp\/v2\/pages\/2930\/revisions"}],"predecessor-version":[{"id":7049,"href":"https:\/\/www.espontaneo.pt\/index.php\/wp-json\/wp\/v2\/pages\/2930\/revisions\/7049"}],"wp:attachment":[{"href":"https:\/\/www.espontaneo.pt\/index.php\/wp-json\/wp\/v2\/media?parent=2930"}],"curies":[{"name":"wp","href":"https:\/\/api.w.org\/{rel}","templated":true}]}}